{"id":44,"date":"2023-03-11T21:50:08","date_gmt":"2023-03-11T21:50:08","guid":{"rendered":"https:\/\/ajcontemporary.com\/pl\/?page_id=44"},"modified":"2024-06-06T18:46:40","modified_gmt":"2024-06-06T16:46:40","slug":"polityka-cookies","status":"publish","type":"page","link":"https:\/\/ajcontemporary.com\/pl\/polityka-cookies\/","title":{"rendered":"Polityka cookies"},"content":{"rendered":"<p>[et_pb_section fb_built=&#8221;1&#8243; admin_label=&#8221;section&#8221; _builder_version=&#8221;4.24.3&#8243; _module_preset=&#8221;default&#8221; custom_margin=&#8221;||0px||false|false&#8221; custom_padding=&#8221;0px||0px||false|false&#8221; global_colors_info=&#8221;{}&#8221;][et_pb_row admin_label=&#8221;row&#8221; _builder_version=&#8221;4.24.3&#8243; _module_preset=&#8221;default&#8221; background_size=&#8221;initial&#8221; background_position=&#8221;top_left&#8221; background_repeat=&#8221;repeat&#8221; custom_margin=&#8221;||||false|false&#8221; custom_padding=&#8221;3vw||0px||false|false&#8221; global_colors_info=&#8221;{}&#8221;][et_pb_column type=&#8221;4_4&#8243; _builder_version=&#8221;4.16&#8243; _module_preset=&#8221;default&#8221; custom_padding=&#8221;|||&#8221; global_colors_info=&#8221;{}&#8221; custom_padding__hover=&#8221;|||&#8221;][et_pb_text admin_label=&#8221;Text&#8221; _builder_version=&#8221;4.24.3&#8243; _module_preset=&#8221;default&#8221; background_size=&#8221;initial&#8221; background_position=&#8221;top_left&#8221; background_repeat=&#8221;repeat&#8221; hover_enabled=&#8221;0&#8243; global_colors_info=&#8221;{}&#8221; sticky_enabled=&#8221;0&#8243;]Prawa autorskie oraz \u017ar\u00f3d\u0142o informacji: http:\/\/wszystkoociasteczkach.pl\/.<\/p>\n<p>&nbsp;<\/p>\n<ol start=\"1\">\n<li>Serwis nie zbiera w spos\u00f3b automatyczny \u017cadnych informacji, z wyj\u0105tkiem informacji zawartych w plikach cookies.<\/li>\n<li>Pliki cookies (tzw. \u201eciasteczka\u201d) stanowi\u0105 dane informatyczne, w szczeg\u00f3lno\u015bci pliki tekstowe, kt\u00f3re przechowywane s\u0105 w urz\u0105dzeniu ko\u0144cowym U\u017cytkownika Serwisu i przeznaczone s\u0105 do korzystania ze stron internetowych Serwisu. Cookies zazwyczaj zawieraj\u0105 nazw\u0119 strony internetowej, z kt\u00f3rej pochodz\u0105, czas przechowywania ich na urz\u0105dzeniu ko\u0144cowym oraz unikalny numer.<\/li>\n<li>Podmiotem zamieszczaj\u0105cym na urz\u0105dzeniu ko\u0144cowym U\u017cytkownika Serwisu pliki cookies oraz uzyskuj\u0105cym do nich dost\u0119p jest operator Serwisu &#8211; Agnieszka Jachym<\/li>\n<li>Pliki cookies wykorzystywane s\u0105 w celu:<\/li>\n<\/ol>\n<p>a)\u00a0\u00a0\u00a0\u00a0\u00a0 dostosowania zawarto\u015bci stron internetowych Serwisu do preferencji U\u017cytkownika oraz optymalizacji korzystania ze stron internetowych; w szczeg\u00f3lno\u015bci pliki te pozwalaj\u0105 rozpozna\u0107 urz\u0105dzenie U\u017cytkownika Serwisu i odpowiednio wy\u015bwietli\u0107 stron\u0119 internetow\u0105, dostosowan\u0105 do jego indywidualnych potrzeb;<\/p>\n<p>b)\u00a0\u00a0\u00a0\u00a0\u00a0 tworzenia statystyk, kt\u00f3re pomagaj\u0105 zrozumie\u0107, w jaki spos\u00f3b U\u017cytkownicy Serwisu korzystaj\u0105 ze stron internetowych, co umo\u017cliwia ulepszanie ich struktury i zawarto\u015bci;<\/p>\n<p>c)\u00a0\u00a0\u00a0\u00a0\u00a0\u00a0 utrzymanie sesji U\u017cytkownika Serwisu (po zalogowaniu), dzi\u0119ki kt\u00f3rej U\u017cytkownik nie musi na ka\u017cdej podstronie Serwisu ponownie wpisywa\u0107 loginu i has\u0142a;<\/p>\n<ol start=\"5\">\n<li>W ramach Serwisu stosowane s\u0105 dwa zasadnicze rodzaje plik\u00f3w cookies: \u201esesyjne\u201d \u00a0(<i>session cookies<\/i>) oraz \u201esta\u0142e\u201d (<i>persistent cookies<\/i>). Cookies \u201esesyjne\u201d s\u0105 plikami tymczasowymi, kt\u00f3re przechowywane s\u0105 w urz\u0105dzeniu ko\u0144cowym U\u017cytkownika do czasu wylogowania, opuszczenia strony internetowej lub wy\u0142\u0105czenia oprogramowania (przegl\u0105darki internetowej). \u201eSta\u0142e\u201d pliki cookies przechowywane s\u0105 w urz\u0105dzeniu ko\u0144cowym U\u017cytkownika przez czas okre\u015blony w parametrach plik\u00f3w cookies lub do czasu ich usuni\u0119cia przez U\u017cytkownika.<\/li>\n<li>W ramach Serwisu stosowane s\u0105 nast\u0119puj\u0105ce rodzaje plik\u00f3w cookies:<\/li>\n<\/ol>\n<p>a)\u00a0\u00a0\u00a0\u00a0\u00a0 \u201eniezb\u0119dne\u201d pliki cookies, umo\u017cliwiaj\u0105ce korzystanie z us\u0142ug dost\u0119pnych w ramach Serwisu, np. uwierzytelniaj\u0105ce pliki cookies wykorzystywane do us\u0142ug wymagaj\u0105cych uwierzytelniania w ramach Serwisu;<\/p>\n<p>b)\u00a0\u00a0\u00a0\u00a0\u00a0 pliki cookies s\u0142u\u017c\u0105ce do zapewnienia bezpiecze\u0144stwa, np. wykorzystywane do wykrywania nadu\u017cy\u0107 w zakresie uwierzytelniania w ramach Serwisu;<\/p>\n<p>c)\u00a0\u00a0\u00a0\u00a0\u00a0\u00a0 \u201ewydajno\u015bciowe\u201d pliki cookies, umo\u017cliwiaj\u0105ce zbieranie informacji o sposobie korzystania ze stron internetowych Serwisu;<\/p>\n<p>d)\u00a0\u00a0\u00a0\u00a0\u00a0 \u201efunkcjonalne\u201d pliki cookies, umo\u017cliwiaj\u0105ce \u201ezapami\u0119tanie\u201d wybranych przez U\u017cytkownika ustawie\u0144 i personalizacj\u0119 interfejsu U\u017cytkownika, np. w zakresie wybranego j\u0119zyka lub regionu, z kt\u00f3rego pochodzi U\u017cytkownik, rozmiaru czcionki, wygl\u0105du strony internetowej itp.;<\/p>\n<p>e)\u00a0\u00a0\u00a0\u00a0\u00a0 \u201ereklamowe\u201d pliki cookies, umo\u017cliwiaj\u0105ce dostarczanie U\u017cytkownikom tre\u015bci reklamowych bardziej dostosowanych do ich zainteresowa\u0144.<\/p>\n<p>f)\u00a0\u00a0\u00a0\u00a0\u00a0\u00a0 &#8222;analityczne&#8221; pliki cookies, umo\u017cliwiaj\u0105ce \u015bledzenie wydajno\u015bci witryny i zbieranie informacji o odwiedzaj\u0105cych.<\/p>\n<ol start=\"7\">\n<li>W wielu przypadkach oprogramowanie s\u0142u\u017c\u0105ce do przegl\u0105dania stron internetowych (przegl\u0105darka internetowa) domy\u015blnie dopuszcza przechowywanie plik\u00f3w cookies w urz\u0105dzeniu ko\u0144cowym U\u017cytkownika. U\u017cytkownicy Serwisu mog\u0105 dokona\u0107 w ka\u017cdym czasie zmiany ustawie\u0144 dotycz\u0105cych plik\u00f3w cookies. Ustawienia te mog\u0105 zosta\u0107 zmienione w szczeg\u00f3lno\u015bci w taki spos\u00f3b, aby blokowa\u0107 automatyczn\u0105 obs\u0142ug\u0119 plik\u00f3w cookies w ustawieniach przegl\u0105darki internetowej b\u0105d\u017a informowa\u0107 o ich ka\u017cdorazowym zamieszczeniu w urz\u0105dzeniu U\u017cytkownika Serwisu. Szczeg\u00f3\u0142owe informacje o mo\u017cliwo\u015bci i sposobach obs\u0142ugi plik\u00f3w cookies dost\u0119pne s\u0105 w ustawieniach oprogramowania (przegl\u0105darki internetowej).<\/li>\n<li>Operator Serwisu informuje, \u017ce ograniczenia stosowania plik\u00f3w cookies mog\u0105 wp\u0142yn\u0105\u0107 na niekt\u00f3re funkcjonalno\u015bci dost\u0119pne na stronach internetowych Serwisu.<\/li>\n<li>Pliki cookies zamieszczane w urz\u0105dzeniu ko\u0144cowym U\u017cytkownika Serwisu i wykorzystywane mog\u0105 by\u0107 r\u00f3wnie\u017c przez wsp\u00f3\u0142pracuj\u0105cych z operatorem Serwisu reklamodawc\u00f3w oraz partner\u00f3w.<\/li>\n<li>Wi\u0119cej informacji na temat plik\u00f3w cookies dost\u0119pnych jest pod adresem http:\/\/wszystkoociasteczkach.pl\/ lub w sekcji \u201ePomoc\u201d w menu przegl\u0105darki internetowej.<\/li>\n<\/ol>\n<p>[\/et_pb_text][\/et_pb_column][\/et_pb_row][\/et_pb_section][et_pb_section fb_built=&#8221;1&#8243; disabled_on=&#8221;off|off|on&#8221; _builder_version=&#8221;4.24.3&#8243; _module_preset=&#8221;default&#8221; custom_margin=&#8221;0px||0px||false|false&#8221; custom_padding=&#8221;0px||0px||false|false&#8221; global_colors_info=&#8221;{}&#8221;][et_pb_row _builder_version=&#8221;4.24.3&#8243; _module_preset=&#8221;default&#8221; width=&#8221;100%&#8221; max_width=&#8221;100%&#8221; custom_margin=&#8221;0px||0px||false|false&#8221; custom_padding=&#8221;0px||0px||false|false&#8221; global_colors_info=&#8221;{}&#8221;][et_pb_column type=&#8221;4_4&#8243; _builder_version=&#8221;4.24.3&#8243; _module_preset=&#8221;default&#8221; global_colors_info=&#8221;{}&#8221;][et_pb_text disabled_on=&#8221;off|off|on&#8221; _builder_version=&#8221;4.24.3&#8243; _module_preset=&#8221;default&#8221; text_text_color=&#8221;#999999&#8243; text_font_size=&#8221;11px&#8221; max_width=&#8221;445px&#8221; module_alignment=&#8221;left&#8221; custom_margin=&#8221;80px||25px||false|false&#8221; custom_padding=&#8221;||0px|30px|false|false&#8221; global_colors_info=&#8221;{}&#8221;]<\/p>\n<p><a href=\"https:\/\/ajcontemporary.com\/pl\/polityka-prywatnosci\" target=\"_blank\" rel=\"noopener noreferrer\" style=\"font-weight: normal; color: #999; text-align: justify!important;\">Polityka Prywatno\u015bci<\/a> | <a href=\"https:\/\/ajcontemporary.com\/pl\/polityka-cookies\" target=\"_blank\" rel=\"noopener noreferrer\" style=\"font-weight: normal; color: #999; text-align: justify!important;\">Polityka cookies<\/a><\/p>\n<p>[\/et_pb_text][\/et_pb_column][\/et_pb_row][\/et_pb_section]<\/p>\n","protected":false},"excerpt":{"rendered":"<p>Prawa autorskie oraz \u017ar\u00f3d\u0142o informacji: http:\/\/wszystkoociasteczkach.pl\/. &nbsp; Serwis nie zbiera w spos\u00f3b automatyczny \u017cadnych informacji, z wyj\u0105tkiem informacji zawartych w plikach cookies. Pliki cookies (tzw. \u201eciasteczka\u201d) stanowi\u0105 dane informatyczne, w szczeg\u00f3lno\u015bci pliki tekstowe, kt\u00f3re przechowywane s\u0105 w urz\u0105dzeniu ko\u0144cowym U\u017cytkownika Serwisu i przeznaczone s\u0105 do korzystania ze stron internetowych Serwisu. Cookies zazwyczaj zawieraj\u0105 nazw\u0119 strony [&hellip;]<\/p>\n","protected":false},"author":1,"featured_media":0,"parent":0,"menu_order":0,"comment_status":"closed","ping_status":"closed","template":"","meta":{"_et_pb_use_builder":"on","_et_pb_old_content":"","_et_gb_content_width":"","inline_featured_image":false,"footnotes":""},"class_list":["post-44","page","type-page","status-publish","hentry"],"yoast_head":"<!-- This site is optimized with the Yoast SEO plugin v26.8 - https:\/\/yoast.com\/product\/yoast-seo-wordpress\/ -->\n<title>Polityka cookies - ajcontemporary.com\/pl<\/title>\n<meta name=\"robots\" content=\"index, follow, max-snippet:-1, max-image-preview:large, max-video-preview:-1\" \/>\n<link rel=\"canonical\" href=\"https:\/\/ajcontemporary.com\/pl\/polityka-cookies\/\" \/>\n<meta property=\"og:locale\" content=\"pl_PL\" \/>\n<meta property=\"og:type\" content=\"article\" \/>\n<meta property=\"og:title\" content=\"Polityka cookies - ajcontemporary.com\/pl\" \/>\n<meta property=\"og:description\" content=\"Prawa autorskie oraz \u017ar\u00f3d\u0142o informacji: http:\/\/wszystkoociasteczkach.pl\/. &nbsp; Serwis nie zbiera w spos\u00f3b automatyczny \u017cadnych informacji, z wyj\u0105tkiem informacji zawartych w plikach cookies. Pliki cookies (tzw. \u201eciasteczka\u201d) stanowi\u0105 dane informatyczne, w szczeg\u00f3lno\u015bci pliki tekstowe, kt\u00f3re przechowywane s\u0105 w urz\u0105dzeniu ko\u0144cowym U\u017cytkownika Serwisu i przeznaczone s\u0105 do korzystania ze stron internetowych Serwisu. Cookies zazwyczaj zawieraj\u0105 nazw\u0119 strony [&hellip;]\" \/>\n<meta property=\"og:url\" content=\"https:\/\/ajcontemporary.com\/pl\/polityka-cookies\/\" \/>\n<meta property=\"og:site_name\" content=\"ajcontemporary.com\/pl\" \/>\n<meta property=\"article:modified_time\" content=\"2024-06-06T16:46:40+00:00\" \/>\n<meta name=\"twitter:card\" content=\"summary_large_image\" \/>\n<meta name=\"twitter:label1\" content=\"Szacowany czas czytania\" \/>\n\t<meta name=\"twitter:data1\" content=\"3 minuty\" \/>\n<script type=\"application\/ld+json\" class=\"yoast-schema-graph\">{\"@context\":\"https:\/\/schema.org\",\"@graph\":[{\"@type\":\"WebPage\",\"@id\":\"https:\/\/ajcontemporary.com\/pl\/polityka-cookies\/\",\"url\":\"https:\/\/ajcontemporary.com\/pl\/polityka-cookies\/\",\"name\":\"Polityka cookies - ajcontemporary.com\/pl\",\"isPartOf\":{\"@id\":\"https:\/\/ajcontemporary.com\/pl\/#website\"},\"datePublished\":\"2023-03-11T21:50:08+00:00\",\"dateModified\":\"2024-06-06T16:46:40+00:00\",\"breadcrumb\":{\"@id\":\"https:\/\/ajcontemporary.com\/pl\/polityka-cookies\/#breadcrumb\"},\"inLanguage\":\"pl-PL\",\"potentialAction\":[{\"@type\":\"ReadAction\",\"target\":[\"https:\/\/ajcontemporary.com\/pl\/polityka-cookies\/\"]}]},{\"@type\":\"BreadcrumbList\",\"@id\":\"https:\/\/ajcontemporary.com\/pl\/polityka-cookies\/#breadcrumb\",\"itemListElement\":[{\"@type\":\"ListItem\",\"position\":1,\"name\":\"Home\",\"item\":\"https:\/\/ajcontemporary.com\/pl\/\"},{\"@type\":\"ListItem\",\"position\":2,\"name\":\"Polityka cookies\"}]},{\"@type\":\"WebSite\",\"@id\":\"https:\/\/ajcontemporary.com\/pl\/#website\",\"url\":\"https:\/\/ajcontemporary.com\/pl\/\",\"name\":\"ajcontemporary.com\/pl\",\"description\":\"Dancer&amp;Choreographer\",\"publisher\":{\"@id\":\"https:\/\/ajcontemporary.com\/pl\/#organization\"},\"potentialAction\":[{\"@type\":\"SearchAction\",\"target\":{\"@type\":\"EntryPoint\",\"urlTemplate\":\"https:\/\/ajcontemporary.com\/pl\/?s={search_term_string}\"},\"query-input\":{\"@type\":\"PropertyValueSpecification\",\"valueRequired\":true,\"valueName\":\"search_term_string\"}}],\"inLanguage\":\"pl-PL\"},{\"@type\":\"Organization\",\"@id\":\"https:\/\/ajcontemporary.com\/pl\/#organization\",\"name\":\"Roll&Roll - SUSHI | RAMEN | BAR\",\"url\":\"https:\/\/ajcontemporary.com\/pl\/\",\"logo\":{\"@type\":\"ImageObject\",\"inLanguage\":\"pl-PL\",\"@id\":\"https:\/\/ajcontemporary.com\/pl\/#\/schema\/logo\/image\/\",\"url\":\"\",\"contentUrl\":\"\",\"caption\":\"Roll&Roll - SUSHI | RAMEN | BAR\"},\"image\":{\"@id\":\"https:\/\/ajcontemporary.com\/pl\/#\/schema\/logo\/image\/\"}}]}<\/script>\n<!-- \/ Yoast SEO plugin. -->","yoast_head_json":{"title":"Polityka cookies - ajcontemporary.com\/pl","robots":{"index":"index","follow":"follow","max-snippet":"max-snippet:-1","max-image-preview":"max-image-preview:large","max-video-preview":"max-video-preview:-1"},"canonical":"https:\/\/ajcontemporary.com\/pl\/polityka-cookies\/","og_locale":"pl_PL","og_type":"article","og_title":"Polityka cookies - ajcontemporary.com\/pl","og_description":"Prawa autorskie oraz \u017ar\u00f3d\u0142o informacji: http:\/\/wszystkoociasteczkach.pl\/. &nbsp; Serwis nie zbiera w spos\u00f3b automatyczny \u017cadnych informacji, z wyj\u0105tkiem informacji zawartych w plikach cookies. Pliki cookies (tzw. \u201eciasteczka\u201d) stanowi\u0105 dane informatyczne, w szczeg\u00f3lno\u015bci pliki tekstowe, kt\u00f3re przechowywane s\u0105 w urz\u0105dzeniu ko\u0144cowym U\u017cytkownika Serwisu i przeznaczone s\u0105 do korzystania ze stron internetowych Serwisu. Cookies zazwyczaj zawieraj\u0105 nazw\u0119 strony [&hellip;]","og_url":"https:\/\/ajcontemporary.com\/pl\/polityka-cookies\/","og_site_name":"ajcontemporary.com\/pl","article_modified_time":"2024-06-06T16:46:40+00:00","twitter_card":"summary_large_image","twitter_misc":{"Szacowany czas czytania":"3 minuty"},"schema":{"@context":"https:\/\/schema.org","@graph":[{"@type":"WebPage","@id":"https:\/\/ajcontemporary.com\/pl\/polityka-cookies\/","url":"https:\/\/ajcontemporary.com\/pl\/polityka-cookies\/","name":"Polityka cookies - ajcontemporary.com\/pl","isPartOf":{"@id":"https:\/\/ajcontemporary.com\/pl\/#website"},"datePublished":"2023-03-11T21:50:08+00:00","dateModified":"2024-06-06T16:46:40+00:00","breadcrumb":{"@id":"https:\/\/ajcontemporary.com\/pl\/polityka-cookies\/#breadcrumb"},"inLanguage":"pl-PL","potentialAction":[{"@type":"ReadAction","target":["https:\/\/ajcontemporary.com\/pl\/polityka-cookies\/"]}]},{"@type":"BreadcrumbList","@id":"https:\/\/ajcontemporary.com\/pl\/polityka-cookies\/#breadcrumb","itemListElement":[{"@type":"ListItem","position":1,"name":"Home","item":"https:\/\/ajcontemporary.com\/pl\/"},{"@type":"ListItem","position":2,"name":"Polityka cookies"}]},{"@type":"WebSite","@id":"https:\/\/ajcontemporary.com\/pl\/#website","url":"https:\/\/ajcontemporary.com\/pl\/","name":"ajcontemporary.com\/pl","description":"Dancer&amp;Choreographer","publisher":{"@id":"https:\/\/ajcontemporary.com\/pl\/#organization"},"potentialAction":[{"@type":"SearchAction","target":{"@type":"EntryPoint","urlTemplate":"https:\/\/ajcontemporary.com\/pl\/?s={search_term_string}"},"query-input":{"@type":"PropertyValueSpecification","valueRequired":true,"valueName":"search_term_string"}}],"inLanguage":"pl-PL"},{"@type":"Organization","@id":"https:\/\/ajcontemporary.com\/pl\/#organization","name":"Roll&Roll - SUSHI | RAMEN | BAR","url":"https:\/\/ajcontemporary.com\/pl\/","logo":{"@type":"ImageObject","inLanguage":"pl-PL","@id":"https:\/\/ajcontemporary.com\/pl\/#\/schema\/logo\/image\/","url":"","contentUrl":"","caption":"Roll&Roll - SUSHI | RAMEN | BAR"},"image":{"@id":"https:\/\/ajcontemporary.com\/pl\/#\/schema\/logo\/image\/"}}]}},"_links":{"self":[{"href":"https:\/\/ajcontemporary.com\/pl\/wp-json\/wp\/v2\/pages\/44","targetHints":{"allow":["GET"]}}],"collection":[{"href":"https:\/\/ajcontemporary.com\/pl\/wp-json\/wp\/v2\/pages"}],"about":[{"href":"https:\/\/ajcontemporary.com\/pl\/wp-json\/wp\/v2\/types\/page"}],"author":[{"embeddable":true,"href":"https:\/\/ajcontemporary.com\/pl\/wp-json\/wp\/v2\/users\/1"}],"replies":[{"embeddable":true,"href":"https:\/\/ajcontemporary.com\/pl\/wp-json\/wp\/v2\/comments?post=44"}],"version-history":[{"count":10,"href":"https:\/\/ajcontemporary.com\/pl\/wp-json\/wp\/v2\/pages\/44\/revisions"}],"predecessor-version":[{"id":235688,"href":"https:\/\/ajcontemporary.com\/pl\/wp-json\/wp\/v2\/pages\/44\/revisions\/235688"}],"wp:attachment":[{"href":"https:\/\/ajcontemporary.com\/pl\/wp-json\/wp\/v2\/media?parent=44"}],"curies":[{"name":"wp","href":"https:\/\/api.w.org\/{rel}","templated":true}]}}