{"id":235172,"date":"2024-01-29T20:29:27","date_gmt":"2024-01-29T19:29:27","guid":{"rendered":"https:\/\/ajcontemporary.com\/pl\/?page_id=235172"},"modified":"2024-04-18T19:52:54","modified_gmt":"2024-04-18T17:52:54","slug":"naj","status":"publish","type":"page","link":"https:\/\/ajcontemporary.com\/pl\/projekty\/naj\/","title":{"rendered":"NAJ"},"content":{"rendered":"\n[et_pb_section fb_built=&#8221;1&#8243; admin_label=&#8221;Projects&#8221; module_class=&#8221;under-menu&#8221; _builder_version=&#8221;4.24.3&#8243; _module_preset=&#8221;default&#8221; custom_margin=&#8221;||0px||false|false&#8221; custom_padding=&#8221;||0px||false|false&#8221; locked=&#8221;off&#8221; collapsed=&#8221;on&#8221; global_colors_info=&#8221;{}&#8221;][et_pb_row disabled_on=&#8221;on|on|on&#8221; _builder_version=&#8221;4.20.0&#8243; _module_preset=&#8221;default&#8221; disabled=&#8221;on&#8221; global_colors_info=&#8221;{}&#8221;][et_pb_column type=&#8221;4_4&#8243; _builder_version=&#8221;4.20.0&#8243; _module_preset=&#8221;default&#8221; global_colors_info=&#8221;{}&#8221;][et_pb_text _builder_version=&#8221;4.20.0&#8243; _module_preset=&#8221;acda6023-03df-4030-8f1e-2b0f65917d6e&#8221; global_colors_info=&#8221;{}&#8221;]<h1>Portfolio<\/h1>[\/et_pb_text][\/et_pb_column][\/et_pb_row][et_pb_row _builder_version=&#8221;4.22.2&#8243; _module_preset=&#8221;default&#8221; width=&#8221;70%&#8221; width_tablet=&#8221;80%&#8221; width_phone=&#8221;80%&#8221; width_last_edited=&#8221;on|tablet&#8221; global_colors_info=&#8221;{}&#8221;][et_pb_column type=&#8221;4_4&#8243; _builder_version=&#8221;4.20.0&#8243; _module_preset=&#8221;default&#8221; custom_padding_tablet=&#8221;||30px||false|false&#8221; custom_padding_phone=&#8221;||30px||false|false&#8221; custom_padding_last_edited=&#8221;on|tablet&#8221; global_colors_info=&#8221;{}&#8221;][et_pb_image src=&#8221;https:\/\/ajcontemporary.com\/pl\/wp-content\/uploads\/2024\/01\/cover_Naj_fot.M.Cegielkowska.jpg&#8221; title_text=&#8221;cover_Naj_fot.M.Cegielkowska&#8221; align=&#8221;center&#8221; _builder_version=&#8221;4.24.2&#8243; _module_preset=&#8221;default&#8221; max_height=&#8221;80vh&#8221; global_colors_info=&#8221;{}&#8221;][\/et_pb_image][et_pb_text disabled_on=&#8221;off|off|off&#8221; _builder_version=&#8221;4.22.2&#8243; _module_preset=&#8221;05d6806d-4997-4194-9560-03a10d900439&#8243; header_font=&#8221;Playfair Display|||on|||||&#8221; header_text_align=&#8221;center&#8221; header_text_color=&#8221;#000000&#8243; header_font_size=&#8221;55px&#8221; custom_margin=&#8221;||10px||false|false&#8221; header_font_size_tablet=&#8221;50px&#8221; header_font_size_phone=&#8221;40px&#8221; header_font_size_last_edited=&#8221;on|phone&#8221; global_colors_info=&#8221;{}&#8221;]<h1>NAJ<\/h1>[\/et_pb_text][et_pb_text disabled_on=&#8221;off|off|off&#8221; _builder_version=&#8221;4.22.2&#8243; _module_preset=&#8221;f481d047-11cb-4a52-8542-8dd205a8bd24&#8243; custom_margin=&#8221;20px||30px||false|false&#8221; custom_margin_tablet=&#8221;||0px||false|false&#8221; custom_margin_phone=&#8221;||0px||false|false&#8221; custom_margin_last_edited=&#8221;on|phone&#8221; global_colors_info=&#8221;{}&#8221;]<p dir=\"ltr\" style=\"text-align: left;\"><strong>Choreografia | Taniec:<\/strong> <span>Agnieszka Jachym\n<\/span><strong>Muzyka:<\/strong> <span>&#8222;Heron Blue&#8221; Sun Kil Moon<\/span><\/p>\n<strong>Premiera:<\/strong> <span>27.10.2018, Centrum Sztuki Mo\u015bcice w&nbsp;Tarnowie<\/span>\n<strong>Czas trwania:<\/strong> 10 minut\n<p dir=\"ltr\" style=\"text-align: left;\"><span><\/span><\/p>\n<p dir=\"ltr\" style=\"text-align: left;\"><span><\/span><\/p>\n<p dir=\"ltr\" style=\"text-align: left;\"><span style=\"font-weight: 400;\">Choreografia <\/span><i><span style=\"font-weight: 400;\">Naj<\/span><\/i><span style=\"font-weight: 400;\"> odnosi si\u0119 do sytuacji w&nbsp;spo\u0142ecze\u0144stwie, kiedy oczekuje si\u0119 od nas spe\u0142niania niewypowiedzianych wymaga\u0144 czy kreowania wizerunk\u00f3w, kt\u00f3re wpisuj\u0105 si\u0119 w&nbsp;ustalony przez mass media kanon pi\u0119kna. Nieskazitelne pi\u0119kno, perfekcja, niezwyci\u0119\u017cona si\u0142a. W&nbsp;wyniku presji sprostania im, gubimy si\u0119 i&nbsp;zatracamy nasz\u0105 naturaln\u0105 to\u017csamo\u015b\u0107, jak i&nbsp;niepowtarzalno\u015b\u0107.<\/span><\/p>\n<i><span style=\"font-weight: 400;\">Naj<\/span><\/i><span style=\"font-weight: 400;\"> to opowie\u015b\u0107 o&nbsp;upadkach, kt\u00f3re trwaj\u0105 bez ko\u0144ca; to pytanie &#8211; czy mamy odwag\u0119 by\u0107 sob\u0105?<\/span>\n\n<i><span style=\"font-weight: 400;\">Naj<\/span><\/i><span style=\"font-weight: 400;\"> czytane wspak to Jan. Mowa o&nbsp;Janie Szczepaniku (1872-1926), polskim wynalazcy zwanym &#8222;Leonardem da Vinci z&nbsp;Galicji&#8221;. Wiele jego patent\u00f3w stosowanych jest do dzisiaj w&nbsp;przemy\u015ble filmowym oraz fotografii. Jego koncepcje umo\u017cliwi\u0142y ewolucj\u0119 przysz\u0142ej transmisji telewizyjnej, a&nbsp;zatem rozw\u00f3j reklamy, kt\u00f3ra od wielu lat kszta\u0142tuje nasze \u017cycie, czyni\u0105c nas istot\u0105 konsumpcyjn\u0105.<\/span>\n<p dir=\"ltr\"><span><\/span><\/p>\n<p dir=\"ltr\"><span><\/span><\/p>\n<p dir=\"ltr\"><span><b>TRAILER: <\/b><a href=\"https:\/\/vimeo.com\/675790155\" target=\"_blank\" data-saferedirecturl=\"https:\/\/www.google.com\/url?q=https:\/\/vimeo.com\/675790155&amp;source=gmail&amp;ust=1697727298420000&amp;usg=AOvVaw22C6gimC8b-s9WqZ5G9oSJ\" rel=\"noopener\">https:\/\/vimeo.com\/675790155<\/a><\/span><\/p>[\/et_pb_text][et_pb_code _builder_version=&#8221;4.22.2&#8243; _module_preset=&#8221;default&#8221; custom_margin=&#8221;||50px|||&#8221; global_colors_info=&#8221;{}&#8221;]<iframe src=\"https:\/\/player.vimeo.com\/video\/675790155?h=1a4f2a181c\" width=\"640\" height=\"360\" frameborder=\"0\" allow=\"autoplay; fullscreen; picture-in-picture\" allowfullscreen><\/iframe>[\/et_pb_code][\/et_pb_column][\/et_pb_row][et_pb_row _builder_version=&#8221;4.24.3&#8243; _module_preset=&#8221;default&#8221; width=&#8221;70%&#8221; width_tablet=&#8221;80%&#8221; width_phone=&#8221;80%&#8221; width_last_edited=&#8221;on|tablet&#8221; custom_margin=&#8221;||||false|false&#8221; custom_padding=&#8221;||||false|false&#8221; hover_enabled=&#8221;0&#8243; global_colors_info=&#8221;{}&#8221; sticky_enabled=&#8221;0&#8243;][et_pb_column type=&#8221;4_4&#8243; _builder_version=&#8221;4.22.2&#8243; _module_preset=&#8221;default&#8221; global_colors_info=&#8221;{}&#8221;][et_pb_gallery gallery_ids=&#8221;235169,235166,235167,235164,235165,235168&#8243; posts_number=&#8221;16&#8243; show_title_and_caption=&#8221;off&#8221; show_pagination=&#8221;off&#8221; zoom_icon_color=&#8221;#000000&#8243; hover_icon=&#8221;&#xe042;||divi||400&#8243; _builder_version=&#8221;4.22.2&#8243; _module_preset=&#8221;default&#8221; global_colors_info=&#8221;{}&#8221;][\/et_pb_gallery][\/et_pb_column][\/et_pb_row][\/et_pb_section][et_pb_section fb_built=&#8221;1&#8243; disabled_on=&#8221;off|off|on&#8221; _builder_version=&#8221;4.24.3&#8243; _module_preset=&#8221;default&#8221; custom_margin=&#8221;0px||0px||false|false&#8221; custom_padding=&#8221;0px||0px||false|false&#8221; global_colors_info=&#8221;{}&#8221;][et_pb_row _builder_version=&#8221;4.24.3&#8243; _module_preset=&#8221;default&#8221; width=&#8221;100%&#8221; max_width=&#8221;100%&#8221; custom_margin=&#8221;0px||0px||false|false&#8221; custom_padding=&#8221;0px||0px||false|false&#8221; global_colors_info=&#8221;{}&#8221;][et_pb_column type=&#8221;4_4&#8243; _builder_version=&#8221;4.24.3&#8243; _module_preset=&#8221;default&#8221; global_colors_info=&#8221;{}&#8221;][et_pb_text disabled_on=&#8221;off|off|on&#8221; _builder_version=&#8221;4.24.3&#8243; _module_preset=&#8221;default&#8221; text_text_color=&#8221;#999999&#8243; text_font_size=&#8221;11px&#8221; max_width=&#8221;445px&#8221; module_alignment=&#8221;left&#8221; custom_margin=&#8221;80px||25px||false|false&#8221; custom_padding=&#8221;||0px|30px|false|false&#8221; global_colors_info=&#8221;{}&#8221;]<p><a href=\"https:\/\/ajcontemporary.com\/pl\/polityka-prywatnosci\" target=\"_blank\" rel=\"noopener noreferrer\" style=\"font-weight: normal; color: #999; text-align: justify!important;\">Polityka Prywatno\u015bci<\/a> | <a href=\"https:\/\/ajcontemporary.com\/pl\/polityka-cookies\" target=\"_blank\" rel=\"noopener noreferrer\" style=\"font-weight: normal; color: #999; text-align: justify!important;\">Polityka cookies<\/a><\/p>[\/et_pb_text][\/et_pb_column][\/et_pb_row][\/et_pb_section]\n","protected":false},"excerpt":{"rendered":"<p>PortfolioNAJChoreografia | Taniec: Agnieszka Jachym Muzyka: &#8222;Heron Blue&#8221; Sun Kil Moon Premiera: 27.10.2018, Centrum Sztuki Mo\u015bcice w&nbsp;Tarnowie Czas trwania: 10 minut Choreografia Naj odnosi si\u0119 do sytuacji w&nbsp;spo\u0142ecze\u0144stwie, kiedy oczekuje si\u0119 od nas spe\u0142niania niewypowiedzianych wymaga\u0144 czy kreowania wizerunk\u00f3w, kt\u00f3re wpisuj\u0105 si\u0119 w&nbsp;ustalony przez mass media kanon pi\u0119kna. Nieskazitelne pi\u0119kno, perfekcja, niezwyci\u0119\u017cona si\u0142a. W&nbsp;wyniku presji [&hellip;]<\/p>\n","protected":false},"author":1,"featured_media":235167,"parent":235076,"menu_order":0,"comment_status":"closed","ping_status":"closed","template":"","meta":{"_et_pb_use_builder":"on","_et_pb_old_content":"","_et_gb_content_width":"","inline_featured_image":false,"footnotes":""},"class_list":["post-235172","page","type-page","status-publish","has-post-thumbnail","hentry"],"yoast_head":"<!-- This site is optimized with the Yoast SEO plugin v26.8 - https:\/\/yoast.com\/product\/yoast-seo-wordpress\/ -->\n<title>NAJ - ajcontemporary.com\/pl<\/title>\n<meta name=\"description\" content=\"Choreografia Naj odnosi si\u0119 do sytuacji w spo\u0142ecze\u0144stwie, kiedy oczekuje si\u0119 od nas spe\u0142niania niewypowiedzianych wymaga\u0144 czy kreowania ...\" \/>\n<meta name=\"robots\" content=\"index, follow, max-snippet:-1, max-image-preview:large, max-video-preview:-1\" \/>\n<link rel=\"canonical\" href=\"https:\/\/ajcontemporary.com\/pl\/projekty\/naj\/\" \/>\n<meta property=\"og:locale\" content=\"pl_PL\" \/>\n<meta property=\"og:type\" content=\"article\" \/>\n<meta property=\"og:title\" content=\"NAJ - ajcontemporary.com\/pl\" \/>\n<meta property=\"og:description\" content=\"Choreografia Naj odnosi si\u0119 do sytuacji w spo\u0142ecze\u0144stwie, kiedy oczekuje si\u0119 od nas spe\u0142niania niewypowiedzianych wymaga\u0144 czy kreowania ...\" \/>\n<meta property=\"og:url\" content=\"https:\/\/ajcontemporary.com\/pl\/projekty\/naj\/\" \/>\n<meta property=\"og:site_name\" content=\"ajcontemporary.com\/pl\" \/>\n<meta property=\"article:modified_time\" content=\"2024-04-18T17:52:54+00:00\" \/>\n<meta property=\"og:image\" content=\"https:\/\/ajcontemporary.com\/pl\/wp-content\/uploads\/2024\/01\/cover_Naj_fot.M.Cegielkowska.jpg\" \/>\n\t<meta property=\"og:image:width\" content=\"1000\" \/>\n\t<meta property=\"og:image:height\" content=\"667\" \/>\n\t<meta property=\"og:image:type\" content=\"image\/jpeg\" \/>\n<meta name=\"twitter:card\" content=\"summary_large_image\" \/>\n<meta name=\"twitter:label1\" content=\"Szacowany czas czytania\" \/>\n\t<meta name=\"twitter:data1\" content=\"3 minuty\" \/>\n<script type=\"application\/ld+json\" class=\"yoast-schema-graph\">{\"@context\":\"https:\/\/schema.org\",\"@graph\":[{\"@type\":\"WebPage\",\"@id\":\"https:\/\/ajcontemporary.com\/pl\/projekty\/naj\/\",\"url\":\"https:\/\/ajcontemporary.com\/pl\/projekty\/naj\/\",\"name\":\"NAJ - ajcontemporary.com\/pl\",\"isPartOf\":{\"@id\":\"https:\/\/ajcontemporary.com\/pl\/#website\"},\"primaryImageOfPage\":{\"@id\":\"https:\/\/ajcontemporary.com\/pl\/projekty\/naj\/#primaryimage\"},\"image\":{\"@id\":\"https:\/\/ajcontemporary.com\/pl\/projekty\/naj\/#primaryimage\"},\"thumbnailUrl\":\"https:\/\/ajcontemporary.com\/pl\/wp-content\/uploads\/2024\/01\/cover_Naj_fot.M.Cegielkowska.jpg\",\"datePublished\":\"2024-01-29T19:29:27+00:00\",\"dateModified\":\"2024-04-18T17:52:54+00:00\",\"description\":\"Choreografia Naj odnosi si\u0119 do sytuacji w spo\u0142ecze\u0144stwie, kiedy oczekuje si\u0119 od nas spe\u0142niania niewypowiedzianych wymaga\u0144 czy kreowania ...\",\"breadcrumb\":{\"@id\":\"https:\/\/ajcontemporary.com\/pl\/projekty\/naj\/#breadcrumb\"},\"inLanguage\":\"pl-PL\",\"potentialAction\":[{\"@type\":\"ReadAction\",\"target\":[\"https:\/\/ajcontemporary.com\/pl\/projekty\/naj\/\"]}]},{\"@type\":\"ImageObject\",\"inLanguage\":\"pl-PL\",\"@id\":\"https:\/\/ajcontemporary.com\/pl\/projekty\/naj\/#primaryimage\",\"url\":\"https:\/\/ajcontemporary.com\/pl\/wp-content\/uploads\/2024\/01\/cover_Naj_fot.M.Cegielkowska.jpg\",\"contentUrl\":\"https:\/\/ajcontemporary.com\/pl\/wp-content\/uploads\/2024\/01\/cover_Naj_fot.M.Cegielkowska.jpg\",\"width\":1000,\"height\":667,\"caption\":\"fot. Monika Cegie\u0142kowska\"},{\"@type\":\"BreadcrumbList\",\"@id\":\"https:\/\/ajcontemporary.com\/pl\/projekty\/naj\/#breadcrumb\",\"itemListElement\":[{\"@type\":\"ListItem\",\"position\":1,\"name\":\"Home\",\"item\":\"https:\/\/ajcontemporary.com\/pl\/\"},{\"@type\":\"ListItem\",\"position\":2,\"name\":\"Projekty\",\"item\":\"https:\/\/ajcontemporary.com\/pl\/projekty\/\"},{\"@type\":\"ListItem\",\"position\":3,\"name\":\"NAJ\"}]},{\"@type\":\"WebSite\",\"@id\":\"https:\/\/ajcontemporary.com\/pl\/#website\",\"url\":\"https:\/\/ajcontemporary.com\/pl\/\",\"name\":\"ajcontemporary.com\/pl\",\"description\":\"Dancer&amp;Choreographer\",\"publisher\":{\"@id\":\"https:\/\/ajcontemporary.com\/pl\/#organization\"},\"potentialAction\":[{\"@type\":\"SearchAction\",\"target\":{\"@type\":\"EntryPoint\",\"urlTemplate\":\"https:\/\/ajcontemporary.com\/pl\/?s={search_term_string}\"},\"query-input\":{\"@type\":\"PropertyValueSpecification\",\"valueRequired\":true,\"valueName\":\"search_term_string\"}}],\"inLanguage\":\"pl-PL\"},{\"@type\":\"Organization\",\"@id\":\"https:\/\/ajcontemporary.com\/pl\/#organization\",\"name\":\"Roll&Roll - SUSHI | RAMEN | BAR\",\"url\":\"https:\/\/ajcontemporary.com\/pl\/\",\"logo\":{\"@type\":\"ImageObject\",\"inLanguage\":\"pl-PL\",\"@id\":\"https:\/\/ajcontemporary.com\/pl\/#\/schema\/logo\/image\/\",\"url\":\"\",\"contentUrl\":\"\",\"caption\":\"Roll&Roll - SUSHI | RAMEN | BAR\"},\"image\":{\"@id\":\"https:\/\/ajcontemporary.com\/pl\/#\/schema\/logo\/image\/\"}}]}<\/script>\n<!-- \/ Yoast SEO plugin. -->","yoast_head_json":{"title":"NAJ - ajcontemporary.com\/pl","description":"Choreografia Naj odnosi si\u0119 do sytuacji w spo\u0142ecze\u0144stwie, kiedy oczekuje si\u0119 od nas spe\u0142niania niewypowiedzianych wymaga\u0144 czy kreowania ...","robots":{"index":"index","follow":"follow","max-snippet":"max-snippet:-1","max-image-preview":"max-image-preview:large","max-video-preview":"max-video-preview:-1"},"canonical":"https:\/\/ajcontemporary.com\/pl\/projekty\/naj\/","og_locale":"pl_PL","og_type":"article","og_title":"NAJ - ajcontemporary.com\/pl","og_description":"Choreografia Naj odnosi si\u0119 do sytuacji w spo\u0142ecze\u0144stwie, kiedy oczekuje si\u0119 od nas spe\u0142niania niewypowiedzianych wymaga\u0144 czy kreowania ...","og_url":"https:\/\/ajcontemporary.com\/pl\/projekty\/naj\/","og_site_name":"ajcontemporary.com\/pl","article_modified_time":"2024-04-18T17:52:54+00:00","og_image":[{"width":1000,"height":667,"url":"https:\/\/ajcontemporary.com\/pl\/wp-content\/uploads\/2024\/01\/cover_Naj_fot.M.Cegielkowska.jpg","type":"image\/jpeg"}],"twitter_card":"summary_large_image","twitter_misc":{"Szacowany czas czytania":"3 minuty"},"schema":{"@context":"https:\/\/schema.org","@graph":[{"@type":"WebPage","@id":"https:\/\/ajcontemporary.com\/pl\/projekty\/naj\/","url":"https:\/\/ajcontemporary.com\/pl\/projekty\/naj\/","name":"NAJ - ajcontemporary.com\/pl","isPartOf":{"@id":"https:\/\/ajcontemporary.com\/pl\/#website"},"primaryImageOfPage":{"@id":"https:\/\/ajcontemporary.com\/pl\/projekty\/naj\/#primaryimage"},"image":{"@id":"https:\/\/ajcontemporary.com\/pl\/projekty\/naj\/#primaryimage"},"thumbnailUrl":"https:\/\/ajcontemporary.com\/pl\/wp-content\/uploads\/2024\/01\/cover_Naj_fot.M.Cegielkowska.jpg","datePublished":"2024-01-29T19:29:27+00:00","dateModified":"2024-04-18T17:52:54+00:00","description":"Choreografia Naj odnosi si\u0119 do sytuacji w spo\u0142ecze\u0144stwie, kiedy oczekuje si\u0119 od nas spe\u0142niania niewypowiedzianych wymaga\u0144 czy kreowania ...","breadcrumb":{"@id":"https:\/\/ajcontemporary.com\/pl\/projekty\/naj\/#breadcrumb"},"inLanguage":"pl-PL","potentialAction":[{"@type":"ReadAction","target":["https:\/\/ajcontemporary.com\/pl\/projekty\/naj\/"]}]},{"@type":"ImageObject","inLanguage":"pl-PL","@id":"https:\/\/ajcontemporary.com\/pl\/projekty\/naj\/#primaryimage","url":"https:\/\/ajcontemporary.com\/pl\/wp-content\/uploads\/2024\/01\/cover_Naj_fot.M.Cegielkowska.jpg","contentUrl":"https:\/\/ajcontemporary.com\/pl\/wp-content\/uploads\/2024\/01\/cover_Naj_fot.M.Cegielkowska.jpg","width":1000,"height":667,"caption":"fot. Monika Cegie\u0142kowska"},{"@type":"BreadcrumbList","@id":"https:\/\/ajcontemporary.com\/pl\/projekty\/naj\/#breadcrumb","itemListElement":[{"@type":"ListItem","position":1,"name":"Home","item":"https:\/\/ajcontemporary.com\/pl\/"},{"@type":"ListItem","position":2,"name":"Projekty","item":"https:\/\/ajcontemporary.com\/pl\/projekty\/"},{"@type":"ListItem","position":3,"name":"NAJ"}]},{"@type":"WebSite","@id":"https:\/\/ajcontemporary.com\/pl\/#website","url":"https:\/\/ajcontemporary.com\/pl\/","name":"ajcontemporary.com\/pl","description":"Dancer&amp;Choreographer","publisher":{"@id":"https:\/\/ajcontemporary.com\/pl\/#organization"},"potentialAction":[{"@type":"SearchAction","target":{"@type":"EntryPoint","urlTemplate":"https:\/\/ajcontemporary.com\/pl\/?s={search_term_string}"},"query-input":{"@type":"PropertyValueSpecification","valueRequired":true,"valueName":"search_term_string"}}],"inLanguage":"pl-PL"},{"@type":"Organization","@id":"https:\/\/ajcontemporary.com\/pl\/#organization","name":"Roll&Roll - SUSHI | RAMEN | BAR","url":"https:\/\/ajcontemporary.com\/pl\/","logo":{"@type":"ImageObject","inLanguage":"pl-PL","@id":"https:\/\/ajcontemporary.com\/pl\/#\/schema\/logo\/image\/","url":"","contentUrl":"","caption":"Roll&Roll - SUSHI | RAMEN | BAR"},"image":{"@id":"https:\/\/ajcontemporary.com\/pl\/#\/schema\/logo\/image\/"}}]}},"_links":{"self":[{"href":"https:\/\/ajcontemporary.com\/pl\/wp-json\/wp\/v2\/pages\/235172","targetHints":{"allow":["GET"]}}],"collection":[{"href":"https:\/\/ajcontemporary.com\/pl\/wp-json\/wp\/v2\/pages"}],"about":[{"href":"https:\/\/ajcontemporary.com\/pl\/wp-json\/wp\/v2\/types\/page"}],"author":[{"embeddable":true,"href":"https:\/\/ajcontemporary.com\/pl\/wp-json\/wp\/v2\/users\/1"}],"replies":[{"embeddable":true,"href":"https:\/\/ajcontemporary.com\/pl\/wp-json\/wp\/v2\/comments?post=235172"}],"version-history":[{"count":21,"href":"https:\/\/ajcontemporary.com\/pl\/wp-json\/wp\/v2\/pages\/235172\/revisions"}],"predecessor-version":[{"id":235703,"href":"https:\/\/ajcontemporary.com\/pl\/wp-json\/wp\/v2\/pages\/235172\/revisions\/235703"}],"up":[{"embeddable":true,"href":"https:\/\/ajcontemporary.com\/pl\/wp-json\/wp\/v2\/pages\/235076"}],"wp:featuredmedia":[{"embeddable":true,"href":"https:\/\/ajcontemporary.com\/pl\/wp-json\/wp\/v2\/media\/235167"}],"wp:attachment":[{"href":"https:\/\/ajcontemporary.com\/pl\/wp-json\/wp\/v2\/media?parent=235172"}],"curies":[{"name":"wp","href":"https:\/\/api.w.org\/{rel}","templated":true}]}}