{"id":235076,"date":"2023-10-18T18:44:08","date_gmt":"2023-10-18T17:44:08","guid":{"rendered":"https:\/\/ajcontemporary.com\/pl\/?page_id=235076"},"modified":"2024-04-18T19:49:33","modified_gmt":"2024-04-18T17:49:33","slug":"projekty","status":"publish","type":"page","link":"https:\/\/ajcontemporary.com\/pl\/projekty\/","title":{"rendered":"Projekty"},"content":{"rendered":"\n[et_pb_section fb_built=&#8221;1&#8243; admin_label=&#8221;Projects&#8221; module_class=&#8221;under-menu&#8221; _builder_version=&#8221;4.24.3&#8243; _module_preset=&#8221;default&#8221; custom_margin=&#8221;||0px||false|false&#8221; custom_padding=&#8221;||0px||false|false&#8221; locked=&#8221;off&#8221; collapsed=&#8221;on&#8221; global_colors_info=&#8221;{}&#8221;][et_pb_row disabled_on=&#8221;on|on|on&#8221; _builder_version=&#8221;4.20.0&#8243; _module_preset=&#8221;default&#8221; disabled=&#8221;on&#8221; global_colors_info=&#8221;{}&#8221;][et_pb_column type=&#8221;4_4&#8243; _builder_version=&#8221;4.20.0&#8243; _module_preset=&#8221;default&#8221; global_colors_info=&#8221;{}&#8221;][et_pb_text _builder_version=&#8221;4.20.0&#8243; _module_preset=&#8221;acda6023-03df-4030-8f1e-2b0f65917d6e&#8221; global_colors_info=&#8221;{}&#8221;]<h1>Portfolio<\/h1>[\/et_pb_text][\/et_pb_column][\/et_pb_row][et_pb_row column_structure=&#8221;1_3,1_3,1_3&#8243; disabled_on=&#8221;on|on|off&#8221; _builder_version=&#8221;4.22.2&#8243; _module_preset=&#8221;default&#8221; width=&#8221;70%&#8221; width_tablet=&#8221;80%&#8221; width_phone=&#8221;80%&#8221; width_last_edited=&#8221;on|tablet&#8221; max_width=&#8221;70%&#8221; max_width_tablet=&#8221;550px&#8221; max_width_phone=&#8221;550px&#8221; max_width_last_edited=&#8221;on|tablet&#8221; global_colors_info=&#8221;{}&#8221;][et_pb_column type=&#8221;1_3&#8243; _builder_version=&#8221;4.22.2&#8243; _module_preset=&#8221;default&#8221; custom_padding_tablet=&#8221;||0px||false|false&#8221; custom_padding_phone=&#8221;||30px||false|false&#8221; custom_padding_last_edited=&#8221;on|tablet&#8221; global_colors_info=&#8221;{}&#8221;][et_pb_blurb title=&#8221;ANIMA&#8221; url=&#8221;https:\/\/ajcontemporary.com\/pl\/projekty\/anima&#8221; image=&#8221;https:\/\/ajcontemporary.com\/pl\/wp-content\/uploads\/2024\/02\/cover_1-103-min.jpg&#8221; content_max_width_tablet=&#8221;&#8221; content_max_width_phone=&#8221;&#8221; content_max_width_last_edited=&#8221;on|tablet&#8221; _builder_version=&#8221;4.22.2&#8243; _module_preset=&#8221;default&#8221; header_level=&#8221;h2&#8243; header_font=&#8221;Playfair Display||||||||&#8221; header_text_align=&#8221;center&#8221; background_color=&#8221;RGBA(255,255,255,0)&#8221; animation=&#8221;off&#8221; custom_css_blurb_image=&#8221;margin-bottom: 10px;&#8221; global_colors_info=&#8221;{}&#8221; background__hover_enabled=&#8221;on|hover&#8221; background_color__hover=&#8221;#000000&#8243; background_enable_color__hover=&#8221;on&#8221; title__hover_enabled=&#8221;off|hover&#8221; header_text_color__hover_enabled=&#8221;on|hover&#8221; header_text_color__hover=&#8221;#FFFFFF&#8221; title__hover=&#8221;G\u0141ODNI&#8221;][\/et_pb_blurb][et_pb_blurb title=&#8221;G\u0141ODNI&#8221; url=&#8221;https:\/\/ajcontemporary.com\/pl\/projekty\/glodni&#8221; image=&#8221;https:\/\/ajcontemporary.com\/pl\/wp-content\/uploads\/2023\/10\/Glodni_Piotr-Werewka_2-min.jpg&#8221; _builder_version=&#8221;4.22.2&#8243; _module_preset=&#8221;default&#8221; header_level=&#8221;h2&#8243; header_font=&#8221;Playfair Display||||||||&#8221; header_text_align=&#8221;center&#8221; background_color=&#8221;RGBA(255,255,255,0)&#8221; animation=&#8221;off&#8221; custom_css_blurb_image=&#8221;margin-bottom: 10px;&#8221; global_colors_info=&#8221;{}&#8221; background__hover_enabled=&#8221;on|hover&#8221; background_color__hover=&#8221;#000000&#8243; background_enable_color__hover=&#8221;on&#8221; title__hover_enabled=&#8221;off|hover&#8221; header_text_color__hover_enabled=&#8221;on|hover&#8221; header_text_color__hover=&#8221;#FFFFFF&#8221; title__hover=&#8221;G\u0141ODNI&#8221;][\/et_pb_blurb][\/et_pb_column][et_pb_column type=&#8221;1_3&#8243; _builder_version=&#8221;4.22.2&#8243; _module_preset=&#8221;default&#8221; custom_padding_tablet=&#8221;||0px||false|false&#8221; custom_padding_phone=&#8221;||30px||false|false&#8221; custom_padding_last_edited=&#8221;on|tablet&#8221; global_colors_info=&#8221;{}&#8221;][et_pb_blurb title=&#8221;Au revoir&#8221; url=&#8221;https:\/\/ajcontemporary.com\/pl\/projekty\/au-revoir&#8221; image=&#8221;https:\/\/ajcontemporary.com\/pl\/wp-content\/uploads\/2024\/02\/cover_untitled-1-43-min.jpg&#8221; _builder_version=&#8221;4.22.2&#8243; _module_preset=&#8221;default&#8221; header_level=&#8221;h2&#8243; header_font=&#8221;Playfair Display||||||||&#8221; header_text_align=&#8221;center&#8221; background_color=&#8221;RGBA(255,255,255,0)&#8221; animation=&#8221;off&#8221; custom_css_blurb_image=&#8221;margin-bottom: 10px;&#8221; locked=&#8221;off&#8221; global_colors_info=&#8221;{}&#8221; background__hover_enabled=&#8221;on|hover&#8221; background_color__hover=&#8221;#000000&#8243; background_enable_color__hover=&#8221;on&#8221; title__hover_enabled=&#8221;off|hover&#8221; header_text_color__hover_enabled=&#8221;on|hover&#8221; header_text_color__hover=&#8221;#FFFFFF&#8221; title__hover=&#8221;G\u0141ODNI&#8221;][\/et_pb_blurb][et_pb_blurb title=&#8221;NAJ&#8221; url=&#8221;https:\/\/ajcontemporary.com\/pl\/projekty\/naj&#8221; image=&#8221;https:\/\/ajcontemporary.com\/pl\/wp-content\/uploads\/2024\/01\/cover_Naj_fot.M.Cegielkowska.jpg&#8221; _builder_version=&#8221;4.22.2&#8243; _module_preset=&#8221;default&#8221; header_level=&#8221;h2&#8243; header_font=&#8221;Playfair Display||||||||&#8221; header_text_align=&#8221;center&#8221; background_color=&#8221;RGBA(255,255,255,0)&#8221; animation=&#8221;off&#8221; custom_css_blurb_image=&#8221;margin-bottom: 10px;&#8221; global_colors_info=&#8221;{}&#8221; background__hover_enabled=&#8221;on|hover&#8221; background_color__hover=&#8221;#000000&#8243; background_enable_color__hover=&#8221;on&#8221; title__hover_enabled=&#8221;off|hover&#8221; header_text_color__hover_enabled=&#8221;on|hover&#8221; header_text_color__hover=&#8221;#FFFFFF&#8221; title__hover=&#8221;G\u0141ODNI&#8221;][\/et_pb_blurb][\/et_pb_column][et_pb_column type=&#8221;1_3&#8243; _builder_version=&#8221;4.20.0&#8243; _module_preset=&#8221;default&#8221; custom_padding_tablet=&#8221;||30px||false|false&#8221; custom_padding_phone=&#8221;||30px||false|false&#8221; custom_padding_last_edited=&#8221;on|tablet&#8221; global_colors_info=&#8221;{}&#8221;][et_pb_blurb title=&#8221;Getto krakowskie&#8221; url=&#8221;https:\/\/ajcontemporary.com\/pl\/projekty\/getto-krakowskie&#8221; image=&#8221;https:\/\/ajcontemporary.com\/pl\/wp-content\/uploads\/2024\/01\/Adam-Mikolajczyk.jpg&#8221; _builder_version=&#8221;4.22.2&#8243; _module_preset=&#8221;default&#8221; header_level=&#8221;h2&#8243; header_font=&#8221;Playfair Display||||||||&#8221; header_text_align=&#8221;center&#8221; background_color=&#8221;RGBA(255,255,255,0)&#8221; animation=&#8221;off&#8221; custom_css_blurb_image=&#8221;margin-bottom: 10px;&#8221; global_colors_info=&#8221;{}&#8221; background__hover_enabled=&#8221;on|hover&#8221; background_color__hover=&#8221;#000000&#8243; background_enable_color__hover=&#8221;on&#8221; title__hover_enabled=&#8221;off|hover&#8221; header_text_color__hover_enabled=&#8221;on|hover&#8221; header_text_color__hover=&#8221;#FFFFFF&#8221; title__hover=&#8221;G\u0141ODNI&#8221;][\/et_pb_blurb][\/et_pb_column][\/et_pb_row][et_pb_row disabled_on=&#8221;off|off|on&#8221; _builder_version=&#8221;4.24.3&#8243; _module_preset=&#8221;default&#8221; width=&#8221;70%&#8221; width_tablet=&#8221;80%&#8221; width_phone=&#8221;80%&#8221; width_last_edited=&#8221;on|tablet&#8221; max_width=&#8221;70%&#8221; max_width_tablet=&#8221;550px&#8221; max_width_phone=&#8221;550px&#8221; max_width_last_edited=&#8221;on|tablet&#8221; custom_margin=&#8221;||0px||false|false&#8221; custom_padding=&#8221;||0px||false|false&#8221; global_colors_info=&#8221;{}&#8221;][et_pb_column type=&#8221;4_4&#8243; _builder_version=&#8221;4.22.2&#8243; _module_preset=&#8221;default&#8221; custom_padding_tablet=&#8221;||0px||false|false&#8221; custom_padding_phone=&#8221;||30px||false|false&#8221; custom_padding_last_edited=&#8221;on|tablet&#8221; global_colors_info=&#8221;{}&#8221;][et_pb_blurb title=&#8221;ANIMA&#8221; url=&#8221;https:\/\/ajcontemporary.com\/pl\/projekty\/anima&#8221; image=&#8221;https:\/\/ajcontemporary.com\/pl\/wp-content\/uploads\/2024\/02\/cover_1-103-min.jpg&#8221; content_max_width_tablet=&#8221;&#8221; content_max_width_phone=&#8221;&#8221; content_max_width_last_edited=&#8221;on|tablet&#8221; _builder_version=&#8221;4.22.2&#8243; _module_preset=&#8221;default&#8221; header_level=&#8221;h2&#8243; header_font=&#8221;Playfair Display||||||||&#8221; header_text_align=&#8221;center&#8221; background_color=&#8221;RGBA(255,255,255,0)&#8221; animation=&#8221;off&#8221; custom_css_blurb_image=&#8221;margin-bottom: 10px;&#8221; global_colors_info=&#8221;{}&#8221; background__hover_enabled=&#8221;on|hover&#8221; background_color__hover=&#8221;#000000&#8243; background_enable_color__hover=&#8221;on&#8221; title__hover_enabled=&#8221;off|hover&#8221; header_text_color__hover_enabled=&#8221;on|hover&#8221; header_text_color__hover=&#8221;#FFFFFF&#8221; title__hover=&#8221;G\u0141ODNI&#8221;][\/et_pb_blurb][et_pb_blurb title=&#8221;Au revoir&#8221; url=&#8221;https:\/\/ajcontemporary.com\/pl\/projekty\/au-revoir&#8221; image=&#8221;https:\/\/ajcontemporary.com\/pl\/wp-content\/uploads\/2024\/02\/cover_untitled-1-43-min.jpg&#8221; _builder_version=&#8221;4.22.2&#8243; _module_preset=&#8221;default&#8221; header_level=&#8221;h2&#8243; header_font=&#8221;Playfair Display||||||||&#8221; header_text_align=&#8221;center&#8221; background_color=&#8221;RGBA(255,255,255,0)&#8221; animation=&#8221;off&#8221; custom_css_blurb_image=&#8221;margin-bottom: 10px;&#8221; global_colors_info=&#8221;{}&#8221; background__hover_enabled=&#8221;on|hover&#8221; background_color__hover=&#8221;#000000&#8243; background_enable_color__hover=&#8221;on&#8221; title__hover_enabled=&#8221;off|hover&#8221; header_text_color__hover_enabled=&#8221;on|hover&#8221; header_text_color__hover=&#8221;#FFFFFF&#8221; title__hover=&#8221;G\u0141ODNI&#8221;][\/et_pb_blurb][et_pb_blurb title=&#8221;Getto krakowskie&#8221; url=&#8221;https:\/\/ajcontemporary.com\/pl\/projekty\/getto-krakowskie&#8221; image=&#8221;https:\/\/ajcontemporary.com\/pl\/wp-content\/uploads\/2024\/01\/Adam-Mikolajczyk.jpg&#8221; _builder_version=&#8221;4.22.2&#8243; _module_preset=&#8221;default&#8221; header_level=&#8221;h2&#8243; header_font=&#8221;Playfair Display||||||||&#8221; header_text_align=&#8221;center&#8221; background_color=&#8221;RGBA(255,255,255,0)&#8221; animation=&#8221;off&#8221; custom_css_blurb_image=&#8221;margin-bottom: 10px;&#8221; global_colors_info=&#8221;{}&#8221; background__hover_enabled=&#8221;on|hover&#8221; background_color__hover=&#8221;#000000&#8243; background_enable_color__hover=&#8221;on&#8221; title__hover_enabled=&#8221;off|hover&#8221; header_text_color__hover_enabled=&#8221;on|hover&#8221; header_text_color__hover=&#8221;#FFFFFF&#8221; title__hover=&#8221;G\u0141ODNI&#8221;][\/et_pb_blurb][et_pb_blurb title=&#8221;G\u0141ODNI&#8221; url=&#8221;https:\/\/ajcontemporary.com\/pl\/projekty\/glodni&#8221; image=&#8221;https:\/\/ajcontemporary.com\/pl\/wp-content\/uploads\/2023\/10\/Glodni_Piotr-Werewka_2-min.jpg&#8221; _builder_version=&#8221;4.24.3&#8243; _module_preset=&#8221;default&#8221; header_level=&#8221;h2&#8243; header_font=&#8221;Playfair Display||||||||&#8221; header_text_align=&#8221;center&#8221; background_color=&#8221;RGBA(255,255,255,0)&#8221; animation=&#8221;off&#8221; custom_css_blurb_image=&#8221;margin-bottom: 10px;&#8221; global_colors_info=&#8221;{}&#8221; background__hover_enabled=&#8221;on|hover&#8221; background_color__hover=&#8221;#000000&#8243; background_enable_color__hover=&#8221;on&#8221; title__hover_enabled=&#8221;off|hover&#8221; header_text_color__hover_enabled=&#8221;on|hover&#8221; header_text_color__hover=&#8221;#FFFFFF&#8221; title__hover=&#8221;G\u0141ODNI&#8221;][\/et_pb_blurb][et_pb_blurb title=&#8221;NAJ&#8221; url=&#8221;https:\/\/ajcontemporary.com\/pl\/projekty\/naj&#8221; image=&#8221;https:\/\/ajcontemporary.com\/pl\/wp-content\/uploads\/2024\/01\/cover_Naj_fot.M.Cegielkowska.jpg&#8221; _builder_version=&#8221;4.24.3&#8243; _module_preset=&#8221;default&#8221; header_level=&#8221;h2&#8243; header_font=&#8221;Playfair Display||||||||&#8221; header_text_align=&#8221;center&#8221; background_color=&#8221;RGBA(255,255,255,0)&#8221; animation=&#8221;off&#8221; custom_css_blurb_image=&#8221;margin-bottom: 10px;&#8221; global_colors_info=&#8221;{}&#8221; background__hover_enabled=&#8221;on|hover&#8221; background_color__hover=&#8221;#000000&#8243; background_enable_color__hover=&#8221;on&#8221; title__hover_enabled=&#8221;off|hover&#8221; header_text_color__hover_enabled=&#8221;on|hover&#8221; header_text_color__hover=&#8221;#FFFFFF&#8221; title__hover=&#8221;G\u0141ODNI&#8221;][\/et_pb_blurb][\/et_pb_column][\/et_pb_row][\/et_pb_section][et_pb_section fb_built=&#8221;1&#8243; disabled_on=&#8221;off|off|on&#8221; _builder_version=&#8221;4.24.3&#8243; _module_preset=&#8221;default&#8221; custom_margin=&#8221;0px||0px||false|false&#8221; custom_padding=&#8221;0px||0px||false|false&#8221; hover_enabled=&#8221;0&#8243; global_colors_info=&#8221;{}&#8221; sticky_enabled=&#8221;0&#8243;][et_pb_row _builder_version=&#8221;4.24.3&#8243; _module_preset=&#8221;default&#8221; width=&#8221;100%&#8221; max_width=&#8221;100%&#8221; custom_margin=&#8221;0px||0px||false|false&#8221; custom_padding=&#8221;0px||0px||false|false&#8221; global_colors_info=&#8221;{}&#8221;][et_pb_column type=&#8221;4_4&#8243; _builder_version=&#8221;4.24.3&#8243; _module_preset=&#8221;default&#8221; global_colors_info=&#8221;{}&#8221;][et_pb_text disabled_on=&#8221;off|off|on&#8221; _builder_version=&#8221;4.24.3&#8243; _module_preset=&#8221;default&#8221; text_text_color=&#8221;#999999&#8243; text_font_size=&#8221;11px&#8221; max_width=&#8221;445px&#8221; module_alignment=&#8221;left&#8221; custom_margin=&#8221;80px||25px||false|false&#8221; custom_padding=&#8221;||0px|30px|false|false&#8221; global_colors_info=&#8221;{}&#8221;]<p><a href=\"https:\/\/ajcontemporary.com\/pl\/polityka-prywatnosci\" target=\"_blank\" rel=\"noopener noreferrer\" style=\"font-weight: normal; color: #999; text-align: justify!important;\">Polityka Prywatno\u015bci<\/a> | <a href=\"https:\/\/ajcontemporary.com\/pl\/polityka-cookies\" target=\"_blank\" rel=\"noopener noreferrer\" style=\"font-weight: normal; color: #999; text-align: justify!important;\">Polityka cookies<\/a><\/p>[\/et_pb_text][\/et_pb_column][\/et_pb_row][\/et_pb_section]\n","protected":false},"excerpt":{"rendered":"<p>PortfolioPolityka Prywatno\u015bci | Polityka cookies<\/p>\n","protected":false},"author":1,"featured_media":235046,"parent":0,"menu_order":0,"comment_status":"closed","ping_status":"closed","template":"","meta":{"_et_pb_use_builder":"on","_et_pb_old_content":"","_et_gb_content_width":"","inline_featured_image":false,"footnotes":""},"class_list":["post-235076","page","type-page","status-publish","has-post-thumbnail","hentry"],"yoast_head":"<!-- This site is optimized with the Yoast SEO plugin v26.8 - https:\/\/yoast.com\/product\/yoast-seo-wordpress\/ -->\n<title>Projekty - ajcontemporary.com\/pl<\/title>\n<meta name=\"description\" content=\"Zobacz niesamowite projekty, w kt\u00f3rych bra\u0142am udzia\u0142 z innymi tancerzami, muzykami, teatrami i wieloma innymi. Zdj\u0119cia i filmy do\u0142\u0105czone.\" \/>\n<meta name=\"robots\" content=\"index, follow, max-snippet:-1, max-image-preview:large, max-video-preview:-1\" \/>\n<link rel=\"canonical\" href=\"https:\/\/ajcontemporary.com\/pl\/projekty\/\" \/>\n<meta property=\"og:locale\" content=\"pl_PL\" \/>\n<meta property=\"og:type\" content=\"article\" \/>\n<meta property=\"og:title\" content=\"Projekty - ajcontemporary.com\/pl\" \/>\n<meta property=\"og:description\" content=\"Zobacz niesamowite projekty, w kt\u00f3rych bra\u0142am udzia\u0142 z innymi tancerzami, muzykami, teatrami i wieloma innymi. Zdj\u0119cia i filmy do\u0142\u0105czone.\" \/>\n<meta property=\"og:url\" content=\"https:\/\/ajcontemporary.com\/pl\/projekty\/\" \/>\n<meta property=\"og:site_name\" content=\"ajcontemporary.com\/pl\" \/>\n<meta property=\"article:modified_time\" content=\"2024-04-18T17:49:33+00:00\" \/>\n<meta property=\"og:image\" content=\"https:\/\/ajcontemporary.com\/pl\/wp-content\/uploads\/2023\/10\/Glodni_Piotr-Werewka_2-min.jpg\" \/>\n\t<meta property=\"og:image:width\" content=\"1000\" \/>\n\t<meta property=\"og:image:height\" content=\"667\" \/>\n\t<meta property=\"og:image:type\" content=\"image\/jpeg\" \/>\n<meta name=\"twitter:card\" content=\"summary_large_image\" \/>\n<meta name=\"twitter:label1\" content=\"Szacowany czas czytania\" \/>\n\t<meta name=\"twitter:data1\" content=\"3 minuty\" \/>\n<script type=\"application\/ld+json\" class=\"yoast-schema-graph\">{\"@context\":\"https:\/\/schema.org\",\"@graph\":[{\"@type\":\"WebPage\",\"@id\":\"https:\/\/ajcontemporary.com\/pl\/projekty\/\",\"url\":\"https:\/\/ajcontemporary.com\/pl\/projekty\/\",\"name\":\"Projekty - ajcontemporary.com\/pl\",\"isPartOf\":{\"@id\":\"https:\/\/ajcontemporary.com\/pl\/#website\"},\"primaryImageOfPage\":{\"@id\":\"https:\/\/ajcontemporary.com\/pl\/projekty\/#primaryimage\"},\"image\":{\"@id\":\"https:\/\/ajcontemporary.com\/pl\/projekty\/#primaryimage\"},\"thumbnailUrl\":\"https:\/\/ajcontemporary.com\/pl\/wp-content\/uploads\/2023\/10\/Glodni_Piotr-Werewka_2-min.jpg\",\"datePublished\":\"2023-10-18T17:44:08+00:00\",\"dateModified\":\"2024-04-18T17:49:33+00:00\",\"description\":\"Zobacz niesamowite projekty, w kt\u00f3rych bra\u0142am udzia\u0142 z innymi tancerzami, muzykami, teatrami i wieloma innymi. Zdj\u0119cia i filmy do\u0142\u0105czone.\",\"breadcrumb\":{\"@id\":\"https:\/\/ajcontemporary.com\/pl\/projekty\/#breadcrumb\"},\"inLanguage\":\"pl-PL\",\"potentialAction\":[{\"@type\":\"ReadAction\",\"target\":[\"https:\/\/ajcontemporary.com\/pl\/projekty\/\"]}]},{\"@type\":\"ImageObject\",\"inLanguage\":\"pl-PL\",\"@id\":\"https:\/\/ajcontemporary.com\/pl\/projekty\/#primaryimage\",\"url\":\"https:\/\/ajcontemporary.com\/pl\/wp-content\/uploads\/2023\/10\/Glodni_Piotr-Werewka_2-min.jpg\",\"contentUrl\":\"https:\/\/ajcontemporary.com\/pl\/wp-content\/uploads\/2023\/10\/Glodni_Piotr-Werewka_2-min.jpg\",\"width\":1000,\"height\":667,\"caption\":\"fot. Piotr Werewka\"},{\"@type\":\"BreadcrumbList\",\"@id\":\"https:\/\/ajcontemporary.com\/pl\/projekty\/#breadcrumb\",\"itemListElement\":[{\"@type\":\"ListItem\",\"position\":1,\"name\":\"Home\",\"item\":\"https:\/\/ajcontemporary.com\/pl\/\"},{\"@type\":\"ListItem\",\"position\":2,\"name\":\"Projekty\"}]},{\"@type\":\"WebSite\",\"@id\":\"https:\/\/ajcontemporary.com\/pl\/#website\",\"url\":\"https:\/\/ajcontemporary.com\/pl\/\",\"name\":\"ajcontemporary.com\/pl\",\"description\":\"Dancer&amp;Choreographer\",\"publisher\":{\"@id\":\"https:\/\/ajcontemporary.com\/pl\/#organization\"},\"potentialAction\":[{\"@type\":\"SearchAction\",\"target\":{\"@type\":\"EntryPoint\",\"urlTemplate\":\"https:\/\/ajcontemporary.com\/pl\/?s={search_term_string}\"},\"query-input\":{\"@type\":\"PropertyValueSpecification\",\"valueRequired\":true,\"valueName\":\"search_term_string\"}}],\"inLanguage\":\"pl-PL\"},{\"@type\":\"Organization\",\"@id\":\"https:\/\/ajcontemporary.com\/pl\/#organization\",\"name\":\"Roll&Roll - SUSHI | RAMEN | BAR\",\"url\":\"https:\/\/ajcontemporary.com\/pl\/\",\"logo\":{\"@type\":\"ImageObject\",\"inLanguage\":\"pl-PL\",\"@id\":\"https:\/\/ajcontemporary.com\/pl\/#\/schema\/logo\/image\/\",\"url\":\"\",\"contentUrl\":\"\",\"caption\":\"Roll&Roll - SUSHI | RAMEN | BAR\"},\"image\":{\"@id\":\"https:\/\/ajcontemporary.com\/pl\/#\/schema\/logo\/image\/\"}}]}<\/script>\n<!-- \/ Yoast SEO plugin. -->","yoast_head_json":{"title":"Projekty - ajcontemporary.com\/pl","description":"Zobacz niesamowite projekty, w kt\u00f3rych bra\u0142am udzia\u0142 z innymi tancerzami, muzykami, teatrami i wieloma innymi. Zdj\u0119cia i filmy do\u0142\u0105czone.","robots":{"index":"index","follow":"follow","max-snippet":"max-snippet:-1","max-image-preview":"max-image-preview:large","max-video-preview":"max-video-preview:-1"},"canonical":"https:\/\/ajcontemporary.com\/pl\/projekty\/","og_locale":"pl_PL","og_type":"article","og_title":"Projekty - ajcontemporary.com\/pl","og_description":"Zobacz niesamowite projekty, w kt\u00f3rych bra\u0142am udzia\u0142 z innymi tancerzami, muzykami, teatrami i wieloma innymi. Zdj\u0119cia i filmy do\u0142\u0105czone.","og_url":"https:\/\/ajcontemporary.com\/pl\/projekty\/","og_site_name":"ajcontemporary.com\/pl","article_modified_time":"2024-04-18T17:49:33+00:00","og_image":[{"width":1000,"height":667,"url":"https:\/\/ajcontemporary.com\/pl\/wp-content\/uploads\/2023\/10\/Glodni_Piotr-Werewka_2-min.jpg","type":"image\/jpeg"}],"twitter_card":"summary_large_image","twitter_misc":{"Szacowany czas czytania":"3 minuty"},"schema":{"@context":"https:\/\/schema.org","@graph":[{"@type":"WebPage","@id":"https:\/\/ajcontemporary.com\/pl\/projekty\/","url":"https:\/\/ajcontemporary.com\/pl\/projekty\/","name":"Projekty - ajcontemporary.com\/pl","isPartOf":{"@id":"https:\/\/ajcontemporary.com\/pl\/#website"},"primaryImageOfPage":{"@id":"https:\/\/ajcontemporary.com\/pl\/projekty\/#primaryimage"},"image":{"@id":"https:\/\/ajcontemporary.com\/pl\/projekty\/#primaryimage"},"thumbnailUrl":"https:\/\/ajcontemporary.com\/pl\/wp-content\/uploads\/2023\/10\/Glodni_Piotr-Werewka_2-min.jpg","datePublished":"2023-10-18T17:44:08+00:00","dateModified":"2024-04-18T17:49:33+00:00","description":"Zobacz niesamowite projekty, w kt\u00f3rych bra\u0142am udzia\u0142 z innymi tancerzami, muzykami, teatrami i wieloma innymi. Zdj\u0119cia i filmy do\u0142\u0105czone.","breadcrumb":{"@id":"https:\/\/ajcontemporary.com\/pl\/projekty\/#breadcrumb"},"inLanguage":"pl-PL","potentialAction":[{"@type":"ReadAction","target":["https:\/\/ajcontemporary.com\/pl\/projekty\/"]}]},{"@type":"ImageObject","inLanguage":"pl-PL","@id":"https:\/\/ajcontemporary.com\/pl\/projekty\/#primaryimage","url":"https:\/\/ajcontemporary.com\/pl\/wp-content\/uploads\/2023\/10\/Glodni_Piotr-Werewka_2-min.jpg","contentUrl":"https:\/\/ajcontemporary.com\/pl\/wp-content\/uploads\/2023\/10\/Glodni_Piotr-Werewka_2-min.jpg","width":1000,"height":667,"caption":"fot. Piotr Werewka"},{"@type":"BreadcrumbList","@id":"https:\/\/ajcontemporary.com\/pl\/projekty\/#breadcrumb","itemListElement":[{"@type":"ListItem","position":1,"name":"Home","item":"https:\/\/ajcontemporary.com\/pl\/"},{"@type":"ListItem","position":2,"name":"Projekty"}]},{"@type":"WebSite","@id":"https:\/\/ajcontemporary.com\/pl\/#website","url":"https:\/\/ajcontemporary.com\/pl\/","name":"ajcontemporary.com\/pl","description":"Dancer&amp;Choreographer","publisher":{"@id":"https:\/\/ajcontemporary.com\/pl\/#organization"},"potentialAction":[{"@type":"SearchAction","target":{"@type":"EntryPoint","urlTemplate":"https:\/\/ajcontemporary.com\/pl\/?s={search_term_string}"},"query-input":{"@type":"PropertyValueSpecification","valueRequired":true,"valueName":"search_term_string"}}],"inLanguage":"pl-PL"},{"@type":"Organization","@id":"https:\/\/ajcontemporary.com\/pl\/#organization","name":"Roll&Roll - SUSHI | RAMEN | BAR","url":"https:\/\/ajcontemporary.com\/pl\/","logo":{"@type":"ImageObject","inLanguage":"pl-PL","@id":"https:\/\/ajcontemporary.com\/pl\/#\/schema\/logo\/image\/","url":"","contentUrl":"","caption":"Roll&Roll - SUSHI | RAMEN | BAR"},"image":{"@id":"https:\/\/ajcontemporary.com\/pl\/#\/schema\/logo\/image\/"}}]}},"_links":{"self":[{"href":"https:\/\/ajcontemporary.com\/pl\/wp-json\/wp\/v2\/pages\/235076","targetHints":{"allow":["GET"]}}],"collection":[{"href":"https:\/\/ajcontemporary.com\/pl\/wp-json\/wp\/v2\/pages"}],"about":[{"href":"https:\/\/ajcontemporary.com\/pl\/wp-json\/wp\/v2\/types\/page"}],"author":[{"embeddable":true,"href":"https:\/\/ajcontemporary.com\/pl\/wp-json\/wp\/v2\/users\/1"}],"replies":[{"embeddable":true,"href":"https:\/\/ajcontemporary.com\/pl\/wp-json\/wp\/v2\/comments?post=235076"}],"version-history":[{"count":26,"href":"https:\/\/ajcontemporary.com\/pl\/wp-json\/wp\/v2\/pages\/235076\/revisions"}],"predecessor-version":[{"id":235700,"href":"https:\/\/ajcontemporary.com\/pl\/wp-json\/wp\/v2\/pages\/235076\/revisions\/235700"}],"wp:featuredmedia":[{"embeddable":true,"href":"https:\/\/ajcontemporary.com\/pl\/wp-json\/wp\/v2\/media\/235046"}],"wp:attachment":[{"href":"https:\/\/ajcontemporary.com\/pl\/wp-json\/wp\/v2\/media?parent=235076"}],"curies":[{"name":"wp","href":"https:\/\/api.w.org\/{rel}","templated":true}]}}