{"id":235054,"date":"2023-10-18T17:40:51","date_gmt":"2023-10-18T16:40:51","guid":{"rendered":"https:\/\/ajcontemporary.com\/pl\/?page_id=235054"},"modified":"2024-04-18T19:52:26","modified_gmt":"2024-04-18T17:52:26","slug":"glodni","status":"publish","type":"page","link":"https:\/\/ajcontemporary.com\/pl\/projekty\/glodni\/","title":{"rendered":"G\u0142odni"},"content":{"rendered":"\n[et_pb_section fb_built=&#8221;1&#8243; admin_label=&#8221;Projects&#8221; module_class=&#8221;under-menu&#8221; _builder_version=&#8221;4.24.3&#8243; _module_preset=&#8221;default&#8221; custom_margin=&#8221;||0px||false|false&#8221; custom_padding=&#8221;||0px||false|false&#8221; locked=&#8221;off&#8221; collapsed=&#8221;on&#8221; global_colors_info=&#8221;{}&#8221;][et_pb_row disabled_on=&#8221;on|on|on&#8221; _builder_version=&#8221;4.20.0&#8243; _module_preset=&#8221;default&#8221; disabled=&#8221;on&#8221; global_colors_info=&#8221;{}&#8221;][et_pb_column type=&#8221;4_4&#8243; _builder_version=&#8221;4.20.0&#8243; _module_preset=&#8221;default&#8221; global_colors_info=&#8221;{}&#8221;][et_pb_text _builder_version=&#8221;4.20.0&#8243; _module_preset=&#8221;acda6023-03df-4030-8f1e-2b0f65917d6e&#8221; global_colors_info=&#8221;{}&#8221;]<h1>Portfolio<\/h1>[\/et_pb_text][\/et_pb_column][\/et_pb_row][et_pb_row _builder_version=&#8221;4.22.2&#8243; _module_preset=&#8221;default&#8221; width=&#8221;70%&#8221; width_tablet=&#8221;80%&#8221; width_phone=&#8221;80%&#8221; width_last_edited=&#8221;on|tablet&#8221; global_colors_info=&#8221;{}&#8221;][et_pb_column type=&#8221;4_4&#8243; _builder_version=&#8221;4.20.0&#8243; _module_preset=&#8221;default&#8221; custom_padding_tablet=&#8221;||30px||false|false&#8221; custom_padding_phone=&#8221;||30px||false|false&#8221; custom_padding_last_edited=&#8221;on|tablet&#8221; global_colors_info=&#8221;{}&#8221;][et_pb_image src=&#8221;https:\/\/ajcontemporary.com\/pl\/wp-content\/uploads\/2023\/10\/Glodni_Piotr-Werewka_2-min.jpg&#8221; title_text=&#8221;Glodni_Piotr Werewka_2-min&#8221; align=&#8221;center&#8221; _builder_version=&#8221;4.24.2&#8243; _module_preset=&#8221;default&#8221; max_height=&#8221;80vh&#8221; global_colors_info=&#8221;{}&#8221;][\/et_pb_image][et_pb_text disabled_on=&#8221;off|off|off&#8221; _builder_version=&#8221;4.24.2&#8243; _module_preset=&#8221;05d6806d-4997-4194-9560-03a10d900439&#8243; header_font=&#8221;Playfair Display||||||||&#8221; header_text_align=&#8221;center&#8221; header_text_color=&#8221;#000000&#8243; header_font_size=&#8221;55px&#8221; header_2_font=&#8221;Playfair Display||||||||&#8221; header_2_text_align=&#8221;center&#8221; header_2_font_size=&#8221;24px&#8221; custom_margin=&#8221;||10px||false|false&#8221; header_font_size_tablet=&#8221;50px&#8221; header_font_size_phone=&#8221;40px&#8221; header_font_size_last_edited=&#8221;on|phone&#8221; header_2_font_size_tablet=&#8221;22px&#8221; header_2_font_size_phone=&#8221;16px&#8221; header_2_font_size_last_edited=&#8221;on|tablet&#8221; global_colors_info=&#8221;{}&#8221;]<h1>G\u0141ODNI<\/h1>[\/et_pb_text][et_pb_text disabled_on=&#8221;off|off|off&#8221; _builder_version=&#8221;4.22.2&#8243; _module_preset=&#8221;f481d047-11cb-4a52-8542-8dd205a8bd24&#8243; custom_margin=&#8221;20px||||false|false&#8221; global_colors_info=&#8221;{}&#8221;]<p dir=\"ltr\" style=\"text-align: left;\"><strong>Re\u017cyseria | choreografia:<\/strong> Agnieszka Jachym<br \/><strong>Obsada:<\/strong> Pawe\u0142 Koz\u0142owski\u00a0| Marta Mietelska-Top\u00f3r\u00a0| Sabina Pyka\u00a0| Damian Rusyn<br \/><strong>Muzyka:<\/strong> Johann Sebastian Bach\u00a0| Joep Bewing\u00a0| Aranzazu Calleja\u00a0| Melchior Franck\u00a0| Miko\u0142aj Gom\u00f3\u0142ka\u00a0| Harmonia&amp;Eno\u201976\u00a0| Felix Mendelssohn\u00a0| Pete Namlook\u00a0| PD Zapata\u00a0| Raw ASMR Factory<br \/><strong>Wideo:<\/strong> Leszek G\u00f3rka<\/p>\n<p dir=\"ltr\" style=\"text-align: left;\"><strong><b>Premiera<\/b>:<\/strong> <span>04.12.2022, Teatr \u0141a\u017ania Nowa w Krakowie<\/span><br \/><strong>Czas trwania:<\/strong> <span>ok. 70 minut<\/span><\/p>\n<p dir=\"ltr\" style=\"text-align: left;\">Spektakl dedykowany widzom w\u00a0wieku 16+.<br \/>Integraln\u0105 cz\u0119\u015bci\u0105 spektaklu jest film dokumentalny z\u00a0napisami w\u00a0j\u0119zyku angielskim. <em>There are English subtitles provided.<\/em><\/p>\n<p><span>Partner projektu: Fundacja Crush On Trash<\/span>.<br \/><span>Projekt zosta\u0142 zrealizowany w ramach Stypendium Tw\u00f3rczego Miasta Krakowa dla Agnieszki Jachym<\/span>.<\/p>\n<p dir=\"ltr\"><span><br \/>\u201eJedn\u0105 z podstawowych sztuczek jest m\u00f3wienie &#8211; je\u015bli ju\u017c nie ma innej rady &#8211; o g\u0142odzie jako o czym\u015b bezosobowym, niemal abstrakcyjnym, jak o zjawisku samym w sobie. G\u0142\u00f3d, walka z g\u0142odem. Przeciwdzia\u0142anie g\u0142odowi. Kl\u0119ska g\u0142odu. Ale g\u0142\u00f3d nie istnieje poza lud\u017ami, kt\u00f3rzy go znosz\u0105. Problemem nie jest g\u0142\u00f3d, problemem s\u0105 g\u0142oduj\u0105cy ludzie.\u201d<br \/><\/span><span style=\"font-size: 16px;\">&#8211; Martin Caparr\u00f3s <em>G\u0142\u00f3d<\/em><\/span><\/p>\n<p dir=\"ltr\"><i>G\u0141ODNI<\/i><span>\u00a0to przede wszystkim reporta\u017c o cz\u0142owieku \u2013 o nas samych. To rozmowa o \u017cyciu i decyzjach, kt\u00f3re podejmujemy ka\u017cdego dnia lub na kt\u00f3re nie mieli\u015bmy wp\u0142ywu. Bywa, \u017ce wybory te uzale\u017cniaj\u0105 nasz rytm codziennego \u017cycia od oczekiwania w kolejce po ciep\u0142y posi\u0142ek, pozbawiaj\u0105 nas dachu nad g\u0142ow\u0105, wykluczaj\u0105.<\/span><\/p>\n<p dir=\"ltr\"><span>W swojej ksi\u0105\u017cce\u00a0<\/span><i>G\u0142\u00f3d<\/i><span>\u00a0Martin Caparr\u00f3s wskazuje, \u017ce \u201eprzysz\u0142o\u015b\u0107 jest luksusem dost\u0119pnym tym, kt\u00f3rzy si\u0119 od\u017cywiaj\u0105\u201d. Przygl\u0105daj\u0105c si\u0119 wybranym ulicom Krakowa, kt\u00f3rych puste chodniki o odpowiednich porach dnia zamieniaj\u0105 si\u0119 w t\u0142oczn\u0105 przestrze\u0144, zastanawiamy si\u0119 nad losem os\u00f3b niedo\u017cywionych. Czy zapewnienie im jedzenia jest gwarantem lepszej przysz\u0142o\u015bci?<\/span><\/p>\n<p dir=\"ltr\"><span>Spektakl to tak\u017ce swoiste spojrzenie w lustro. Czy postawy, kt\u00f3re przyjmujemy jako spo\u0142ecze\u0144stwo, r\u00f3wnie\u017c w kontek\u015bcie globalnym, wspieraj\u0105 r\u00f3wnomiern\u0105 dystrybucj\u0119 \u015brodk\u00f3w do \u017cycia? Jak \u0142atwo przychodzi nam wyrzucanie resztek z w\u0142asnych talerzy czy pozbywanie si\u0119 przeterminowanych produkt\u00f3w?<\/span><\/p>\n<p dir=\"ltr\"><span><\/span><\/p>\n<p dir=\"ltr\"><span><\/span><\/p>\n<p dir=\"ltr\"><span><b>ZWIASTUN: <\/b><a href=\"https:\/\/youtu.be\/HndUkppnrXI\" target=\"_blank\" data-saferedirecturl=\"https:\/\/www.google.com\/url?q=https:\/\/youtu.be\/HndUkppnrXI&amp;source=gmail&amp;ust=1697727298420000&amp;usg=AOvVaw22C6gimC8b-s9WqZ5G9oSJ\" rel=\"noopener\">https:\/\/youtu.be\/<wbr \/>HndUkppnrXI<\/a><\/span><\/p>[\/et_pb_text][et_pb_code _builder_version=&#8221;4.24.3&#8243; _module_preset=&#8221;default&#8221; custom_margin=&#8221;||50px||false|false&#8221; global_colors_info=&#8221;{}&#8221;]<iframe width=\"560\" height=\"315\" src=\"https:\/\/www.youtube.com\/embed\/HndUkppnrXI?si=PsE26VSReJ8KmFdx&#038;rel=0\" title=\"YouTube video player\" frameborder=\"0\" allow=\"accelerometer; autoplay; clipboard-write; encrypted-media; gyroscope; picture-in-picture; web-share\" allowfullscreen><\/iframe>[\/et_pb_code][\/et_pb_column][\/et_pb_row][et_pb_row _builder_version=&#8221;4.24.3&#8243; _module_preset=&#8221;default&#8221; width=&#8221;70%&#8221; width_tablet=&#8221;80%&#8221; width_phone=&#8221;80%&#8221; width_last_edited=&#8221;on|tablet&#8221; custom_margin=&#8221;||||false|false&#8221; custom_padding=&#8221;||||false|false&#8221; hover_enabled=&#8221;0&#8243; global_colors_info=&#8221;{}&#8221; sticky_enabled=&#8221;0&#8243;][et_pb_column type=&#8221;4_4&#8243; _builder_version=&#8221;4.22.2&#8243; _module_preset=&#8221;default&#8221; global_colors_info=&#8221;{}&#8221;][et_pb_gallery gallery_ids=&#8221;235051,235041,235049,235050,235043,235044,235048,235040,235042,235047,235045,235046&#8243; posts_number=&#8221;16&#8243; show_title_and_caption=&#8221;off&#8221; show_pagination=&#8221;off&#8221; zoom_icon_color=&#8221;#000000&#8243; hover_icon=&#8221;&#xe042;||divi||400&#8243; _builder_version=&#8221;4.24.2&#8243; _module_preset=&#8221;default&#8221; global_colors_info=&#8221;{}&#8221;][\/et_pb_gallery][\/et_pb_column][\/et_pb_row][\/et_pb_section][et_pb_section fb_built=&#8221;1&#8243; disabled_on=&#8221;off|off|on&#8221; _builder_version=&#8221;4.24.3&#8243; _module_preset=&#8221;default&#8221; custom_margin=&#8221;0px||0px||false|false&#8221; custom_padding=&#8221;0px||0px||false|false&#8221; global_colors_info=&#8221;{}&#8221;][et_pb_row _builder_version=&#8221;4.24.3&#8243; _module_preset=&#8221;default&#8221; width=&#8221;100%&#8221; max_width=&#8221;100%&#8221; custom_margin=&#8221;0px||0px||false|false&#8221; custom_padding=&#8221;0px||0px||false|false&#8221; global_colors_info=&#8221;{}&#8221;][et_pb_column type=&#8221;4_4&#8243; _builder_version=&#8221;4.24.3&#8243; _module_preset=&#8221;default&#8221; global_colors_info=&#8221;{}&#8221;][et_pb_text disabled_on=&#8221;off|off|on&#8221; _builder_version=&#8221;4.24.3&#8243; _module_preset=&#8221;default&#8221; text_text_color=&#8221;#999999&#8243; text_font_size=&#8221;11px&#8221; max_width=&#8221;445px&#8221; module_alignment=&#8221;left&#8221; custom_margin=&#8221;80px||25px||false|false&#8221; custom_padding=&#8221;||0px|30px|false|false&#8221; global_colors_info=&#8221;{}&#8221;]<p><a href=\"https:\/\/ajcontemporary.com\/pl\/polityka-prywatnosci\" target=\"_blank\" rel=\"noopener noreferrer\" style=\"font-weight: normal; color: #999; text-align: justify!important;\">Polityka Prywatno\u015bci<\/a> | <a href=\"https:\/\/ajcontemporary.com\/pl\/polityka-cookies\" target=\"_blank\" rel=\"noopener noreferrer\" style=\"font-weight: normal; color: #999; text-align: justify!important;\">Polityka cookies<\/a><\/p>[\/et_pb_text][\/et_pb_column][\/et_pb_row][\/et_pb_section]\n","protected":false},"excerpt":{"rendered":"<p>PortfolioG\u0141ODNIRe\u017cyseria | choreografia: Agnieszka JachymObsada: Pawe\u0142 Koz\u0142owski\u00a0| Marta Mietelska-Top\u00f3r\u00a0| Sabina Pyka\u00a0| Damian RusynMuzyka: Johann Sebastian Bach\u00a0| Joep Bewing\u00a0| Aranzazu Calleja\u00a0| Melchior Franck\u00a0| Miko\u0142aj Gom\u00f3\u0142ka\u00a0| Harmonia&amp;Eno\u201976\u00a0| Felix Mendelssohn\u00a0| Pete Namlook\u00a0| PD Zapata\u00a0| Raw ASMR FactoryWideo: Leszek G\u00f3rka Premiera: 04.12.2022, Teatr \u0141a\u017ania Nowa w KrakowieCzas trwania: ok. 70 minut Spektakl dedykowany widzom w\u00a0wieku 16+.Integraln\u0105 cz\u0119\u015bci\u0105 spektaklu jest [&hellip;]<\/p>\n","protected":false},"author":1,"featured_media":235046,"parent":235076,"menu_order":0,"comment_status":"closed","ping_status":"closed","template":"","meta":{"_et_pb_use_builder":"on","_et_pb_old_content":"","_et_gb_content_width":"","inline_featured_image":false,"footnotes":""},"class_list":["post-235054","page","type-page","status-publish","has-post-thumbnail","hentry"],"yoast_head":"<!-- This site is optimized with the Yoast SEO plugin v26.8 - https:\/\/yoast.com\/product\/yoast-seo-wordpress\/ -->\n<title>G\u0142odni - ajcontemporary.com\/pl<\/title>\n<meta name=\"description\" content=\"G\u0141ODNI to przede wszystkim reporta\u017c o cz\u0142owieku \u2013 o nas samych. To rozmowa o \u017cyciu i decyzjach, kt\u00f3re podejmujemy ka\u017cdego dnia lub ...\" \/>\n<meta name=\"robots\" content=\"index, follow, max-snippet:-1, max-image-preview:large, max-video-preview:-1\" \/>\n<link rel=\"canonical\" href=\"https:\/\/ajcontemporary.com\/pl\/projekty\/glodni\/\" \/>\n<meta property=\"og:locale\" content=\"pl_PL\" \/>\n<meta property=\"og:type\" content=\"article\" \/>\n<meta property=\"og:title\" content=\"G\u0142odni - ajcontemporary.com\/pl\" \/>\n<meta property=\"og:description\" content=\"G\u0141ODNI to przede wszystkim reporta\u017c o cz\u0142owieku \u2013 o nas samych. To rozmowa o \u017cyciu i decyzjach, kt\u00f3re podejmujemy ka\u017cdego dnia lub ...\" \/>\n<meta property=\"og:url\" content=\"https:\/\/ajcontemporary.com\/pl\/projekty\/glodni\/\" \/>\n<meta property=\"og:site_name\" content=\"ajcontemporary.com\/pl\" \/>\n<meta property=\"article:modified_time\" content=\"2024-04-18T17:52:26+00:00\" \/>\n<meta property=\"og:image\" content=\"https:\/\/ajcontemporary.com\/pl\/wp-content\/uploads\/2023\/10\/Glodni_Piotr-Werewka_2-min.jpg\" \/>\n\t<meta property=\"og:image:width\" content=\"1000\" \/>\n\t<meta property=\"og:image:height\" content=\"667\" \/>\n\t<meta property=\"og:image:type\" content=\"image\/jpeg\" \/>\n<meta name=\"twitter:card\" content=\"summary_large_image\" \/>\n<meta name=\"twitter:label1\" content=\"Szacowany czas czytania\" \/>\n\t<meta name=\"twitter:data1\" content=\"5 minut\" \/>\n<script type=\"application\/ld+json\" class=\"yoast-schema-graph\">{\"@context\":\"https:\/\/schema.org\",\"@graph\":[{\"@type\":\"WebPage\",\"@id\":\"https:\/\/ajcontemporary.com\/pl\/projekty\/glodni\/\",\"url\":\"https:\/\/ajcontemporary.com\/pl\/projekty\/glodni\/\",\"name\":\"G\u0142odni - ajcontemporary.com\/pl\",\"isPartOf\":{\"@id\":\"https:\/\/ajcontemporary.com\/pl\/#website\"},\"primaryImageOfPage\":{\"@id\":\"https:\/\/ajcontemporary.com\/pl\/projekty\/glodni\/#primaryimage\"},\"image\":{\"@id\":\"https:\/\/ajcontemporary.com\/pl\/projekty\/glodni\/#primaryimage\"},\"thumbnailUrl\":\"https:\/\/ajcontemporary.com\/pl\/wp-content\/uploads\/2023\/10\/Glodni_Piotr-Werewka_2-min.jpg\",\"datePublished\":\"2023-10-18T16:40:51+00:00\",\"dateModified\":\"2024-04-18T17:52:26+00:00\",\"description\":\"G\u0141ODNI to przede wszystkim reporta\u017c o cz\u0142owieku \u2013 o nas samych. To rozmowa o \u017cyciu i decyzjach, kt\u00f3re podejmujemy ka\u017cdego dnia lub ...\",\"breadcrumb\":{\"@id\":\"https:\/\/ajcontemporary.com\/pl\/projekty\/glodni\/#breadcrumb\"},\"inLanguage\":\"pl-PL\",\"potentialAction\":[{\"@type\":\"ReadAction\",\"target\":[\"https:\/\/ajcontemporary.com\/pl\/projekty\/glodni\/\"]}]},{\"@type\":\"ImageObject\",\"inLanguage\":\"pl-PL\",\"@id\":\"https:\/\/ajcontemporary.com\/pl\/projekty\/glodni\/#primaryimage\",\"url\":\"https:\/\/ajcontemporary.com\/pl\/wp-content\/uploads\/2023\/10\/Glodni_Piotr-Werewka_2-min.jpg\",\"contentUrl\":\"https:\/\/ajcontemporary.com\/pl\/wp-content\/uploads\/2023\/10\/Glodni_Piotr-Werewka_2-min.jpg\",\"width\":1000,\"height\":667,\"caption\":\"fot. Piotr Werewka\"},{\"@type\":\"BreadcrumbList\",\"@id\":\"https:\/\/ajcontemporary.com\/pl\/projekty\/glodni\/#breadcrumb\",\"itemListElement\":[{\"@type\":\"ListItem\",\"position\":1,\"name\":\"Home\",\"item\":\"https:\/\/ajcontemporary.com\/pl\/\"},{\"@type\":\"ListItem\",\"position\":2,\"name\":\"Projekty\",\"item\":\"https:\/\/ajcontemporary.com\/pl\/projekty\/\"},{\"@type\":\"ListItem\",\"position\":3,\"name\":\"G\u0142odni\"}]},{\"@type\":\"WebSite\",\"@id\":\"https:\/\/ajcontemporary.com\/pl\/#website\",\"url\":\"https:\/\/ajcontemporary.com\/pl\/\",\"name\":\"ajcontemporary.com\/pl\",\"description\":\"Dancer&amp;Choreographer\",\"publisher\":{\"@id\":\"https:\/\/ajcontemporary.com\/pl\/#organization\"},\"potentialAction\":[{\"@type\":\"SearchAction\",\"target\":{\"@type\":\"EntryPoint\",\"urlTemplate\":\"https:\/\/ajcontemporary.com\/pl\/?s={search_term_string}\"},\"query-input\":{\"@type\":\"PropertyValueSpecification\",\"valueRequired\":true,\"valueName\":\"search_term_string\"}}],\"inLanguage\":\"pl-PL\"},{\"@type\":\"Organization\",\"@id\":\"https:\/\/ajcontemporary.com\/pl\/#organization\",\"name\":\"Roll&Roll - SUSHI | RAMEN | BAR\",\"url\":\"https:\/\/ajcontemporary.com\/pl\/\",\"logo\":{\"@type\":\"ImageObject\",\"inLanguage\":\"pl-PL\",\"@id\":\"https:\/\/ajcontemporary.com\/pl\/#\/schema\/logo\/image\/\",\"url\":\"\",\"contentUrl\":\"\",\"caption\":\"Roll&Roll - SUSHI | RAMEN | BAR\"},\"image\":{\"@id\":\"https:\/\/ajcontemporary.com\/pl\/#\/schema\/logo\/image\/\"}}]}<\/script>\n<!-- \/ Yoast SEO plugin. -->","yoast_head_json":{"title":"G\u0142odni - ajcontemporary.com\/pl","description":"G\u0141ODNI to przede wszystkim reporta\u017c o cz\u0142owieku \u2013 o nas samych. To rozmowa o \u017cyciu i decyzjach, kt\u00f3re podejmujemy ka\u017cdego dnia lub ...","robots":{"index":"index","follow":"follow","max-snippet":"max-snippet:-1","max-image-preview":"max-image-preview:large","max-video-preview":"max-video-preview:-1"},"canonical":"https:\/\/ajcontemporary.com\/pl\/projekty\/glodni\/","og_locale":"pl_PL","og_type":"article","og_title":"G\u0142odni - ajcontemporary.com\/pl","og_description":"G\u0141ODNI to przede wszystkim reporta\u017c o cz\u0142owieku \u2013 o nas samych. To rozmowa o \u017cyciu i decyzjach, kt\u00f3re podejmujemy ka\u017cdego dnia lub ...","og_url":"https:\/\/ajcontemporary.com\/pl\/projekty\/glodni\/","og_site_name":"ajcontemporary.com\/pl","article_modified_time":"2024-04-18T17:52:26+00:00","og_image":[{"width":1000,"height":667,"url":"https:\/\/ajcontemporary.com\/pl\/wp-content\/uploads\/2023\/10\/Glodni_Piotr-Werewka_2-min.jpg","type":"image\/jpeg"}],"twitter_card":"summary_large_image","twitter_misc":{"Szacowany czas czytania":"5 minut"},"schema":{"@context":"https:\/\/schema.org","@graph":[{"@type":"WebPage","@id":"https:\/\/ajcontemporary.com\/pl\/projekty\/glodni\/","url":"https:\/\/ajcontemporary.com\/pl\/projekty\/glodni\/","name":"G\u0142odni - ajcontemporary.com\/pl","isPartOf":{"@id":"https:\/\/ajcontemporary.com\/pl\/#website"},"primaryImageOfPage":{"@id":"https:\/\/ajcontemporary.com\/pl\/projekty\/glodni\/#primaryimage"},"image":{"@id":"https:\/\/ajcontemporary.com\/pl\/projekty\/glodni\/#primaryimage"},"thumbnailUrl":"https:\/\/ajcontemporary.com\/pl\/wp-content\/uploads\/2023\/10\/Glodni_Piotr-Werewka_2-min.jpg","datePublished":"2023-10-18T16:40:51+00:00","dateModified":"2024-04-18T17:52:26+00:00","description":"G\u0141ODNI to przede wszystkim reporta\u017c o cz\u0142owieku \u2013 o nas samych. To rozmowa o \u017cyciu i decyzjach, kt\u00f3re podejmujemy ka\u017cdego dnia lub ...","breadcrumb":{"@id":"https:\/\/ajcontemporary.com\/pl\/projekty\/glodni\/#breadcrumb"},"inLanguage":"pl-PL","potentialAction":[{"@type":"ReadAction","target":["https:\/\/ajcontemporary.com\/pl\/projekty\/glodni\/"]}]},{"@type":"ImageObject","inLanguage":"pl-PL","@id":"https:\/\/ajcontemporary.com\/pl\/projekty\/glodni\/#primaryimage","url":"https:\/\/ajcontemporary.com\/pl\/wp-content\/uploads\/2023\/10\/Glodni_Piotr-Werewka_2-min.jpg","contentUrl":"https:\/\/ajcontemporary.com\/pl\/wp-content\/uploads\/2023\/10\/Glodni_Piotr-Werewka_2-min.jpg","width":1000,"height":667,"caption":"fot. Piotr Werewka"},{"@type":"BreadcrumbList","@id":"https:\/\/ajcontemporary.com\/pl\/projekty\/glodni\/#breadcrumb","itemListElement":[{"@type":"ListItem","position":1,"name":"Home","item":"https:\/\/ajcontemporary.com\/pl\/"},{"@type":"ListItem","position":2,"name":"Projekty","item":"https:\/\/ajcontemporary.com\/pl\/projekty\/"},{"@type":"ListItem","position":3,"name":"G\u0142odni"}]},{"@type":"WebSite","@id":"https:\/\/ajcontemporary.com\/pl\/#website","url":"https:\/\/ajcontemporary.com\/pl\/","name":"ajcontemporary.com\/pl","description":"Dancer&amp;Choreographer","publisher":{"@id":"https:\/\/ajcontemporary.com\/pl\/#organization"},"potentialAction":[{"@type":"SearchAction","target":{"@type":"EntryPoint","urlTemplate":"https:\/\/ajcontemporary.com\/pl\/?s={search_term_string}"},"query-input":{"@type":"PropertyValueSpecification","valueRequired":true,"valueName":"search_term_string"}}],"inLanguage":"pl-PL"},{"@type":"Organization","@id":"https:\/\/ajcontemporary.com\/pl\/#organization","name":"Roll&Roll - SUSHI | RAMEN | BAR","url":"https:\/\/ajcontemporary.com\/pl\/","logo":{"@type":"ImageObject","inLanguage":"pl-PL","@id":"https:\/\/ajcontemporary.com\/pl\/#\/schema\/logo\/image\/","url":"","contentUrl":"","caption":"Roll&Roll - SUSHI | RAMEN | BAR"},"image":{"@id":"https:\/\/ajcontemporary.com\/pl\/#\/schema\/logo\/image\/"}}]}},"_links":{"self":[{"href":"https:\/\/ajcontemporary.com\/pl\/wp-json\/wp\/v2\/pages\/235054","targetHints":{"allow":["GET"]}}],"collection":[{"href":"https:\/\/ajcontemporary.com\/pl\/wp-json\/wp\/v2\/pages"}],"about":[{"href":"https:\/\/ajcontemporary.com\/pl\/wp-json\/wp\/v2\/types\/page"}],"author":[{"embeddable":true,"href":"https:\/\/ajcontemporary.com\/pl\/wp-json\/wp\/v2\/users\/1"}],"replies":[{"embeddable":true,"href":"https:\/\/ajcontemporary.com\/pl\/wp-json\/wp\/v2\/comments?post=235054"}],"version-history":[{"count":52,"href":"https:\/\/ajcontemporary.com\/pl\/wp-json\/wp\/v2\/pages\/235054\/revisions"}],"predecessor-version":[{"id":235702,"href":"https:\/\/ajcontemporary.com\/pl\/wp-json\/wp\/v2\/pages\/235054\/revisions\/235702"}],"up":[{"embeddable":true,"href":"https:\/\/ajcontemporary.com\/pl\/wp-json\/wp\/v2\/pages\/235076"}],"wp:featuredmedia":[{"embeddable":true,"href":"https:\/\/ajcontemporary.com\/pl\/wp-json\/wp\/v2\/media\/235046"}],"wp:attachment":[{"href":"https:\/\/ajcontemporary.com\/pl\/wp-json\/wp\/v2\/media?parent=235054"}],"curies":[{"name":"wp","href":"https:\/\/api.w.org\/{rel}","templated":true}]}}